{"id":10386,"date":"2025-06-07T08:56:30","date_gmt":"2025-06-07T06:56:30","guid":{"rendered":"https:\/\/legalden.pl\/?page_id=10386"},"modified":"2025-06-27T15:13:35","modified_gmt":"2025-06-27T13:13:35","slug":"sniadanie-lawforgood","status":"publish","type":"page","link":"https:\/\/legalden.pl\/en\/ngo\/sniadanie-lawforgood\/","title":{"rendered":"\u015aniadanie LawForGood"},"content":{"rendered":"<div data-elementor-type=\"wp-page\" data-elementor-id=\"10386\" class=\"elementor elementor-10386\" data-elementor-post-type=\"page\">\n\t\t\t\t<div class=\"elementor-element elementor-element-11c12b1 e-flex e-con-boxed e-con e-parent\" data-id=\"11c12b1\" data-element_type=\"container\" data-e-type=\"container\" data-settings=\"{&quot;background_background&quot;:&quot;classic&quot;}\">\n\t\t\t\t\t<div class=\"e-con-inner\">\n\t\t<div data-dce-background-image-url=\"https:\/\/legalden.pl\/wp-content\/uploads\/2025\/06\/Legalden-2025-7150.jpg\" class=\"elementor-element elementor-element-b74842a e-con-full e-flex e-con e-child\" data-id=\"b74842a\" data-element_type=\"container\" data-e-type=\"container\" data-settings=\"{&quot;background_background&quot;:&quot;classic&quot;}\">\n\t\t<div class=\"elementor-element elementor-element-e6297e8 e-con-full e-flex e-con e-child\" data-id=\"e6297e8\" data-element_type=\"container\" data-e-type=\"container\" data-settings=\"{&quot;background_background&quot;:&quot;classic&quot;}\">\n\t\t\t\t<div class=\"elementor-element elementor-element-1152e68 elementor-widget elementor-widget-heading\" data-id=\"1152e68\" data-element_type=\"widget\" data-e-type=\"widget\" data-widget_type=\"heading.default\">\n\t\t\t\t\t<h1 class=\"elementor-heading-title elementor-size-default\">LawForGood<\/h1>\t\t\t\t<\/div>\n\t\t\t\t<div class=\"elementor-element elementor-element-6c55a73 elementor-widget elementor-widget-heading\" data-id=\"6c55a73\" data-element_type=\"widget\" data-e-type=\"widget\" data-widget_type=\"heading.default\">\n\t\t\t\t\t<div class=\"elementor-heading-title elementor-size-default\"><span style=\"font-size: 18px\">Prawnik mo\u017ce mie\u0107 pozytywny wp\u0142yw na otaczaj\u0105cy nas \u015bwiat. Spotkaj innych prawnik\u00f3w, kt\u00f3rym zale\u017cy. <\/div>\t\t\t\t<\/div>\n\t\t\t\t<\/div>\n\t\t\t\t<\/div>\n\t\t\t\t\t<\/div>\n\t\t\t\t<\/div>\n\t\t<div class=\"elementor-element elementor-element-c5d5af7 e-flex e-con-boxed e-con e-parent\" data-id=\"c5d5af7\" data-element_type=\"container\" data-e-type=\"container\" data-settings=\"{&quot;background_background&quot;:&quot;classic&quot;}\">\n\t\t\t\t\t<div class=\"e-con-inner\">\n\t\t<div class=\"elementor-element elementor-element-357c5ce e-flex e-con-boxed e-con e-child\" data-id=\"357c5ce\" data-element_type=\"container\" data-e-type=\"container\">\n\t\t\t\t\t<div class=\"e-con-inner\">\n\t\t\t\t<div class=\"elementor-element elementor-element-e0b9b62 elementor-widget__width-inherit elementor-widget elementor-widget-text-editor\" data-id=\"e0b9b62\" data-element_type=\"widget\" data-e-type=\"widget\" data-widget_type=\"text-editor.default\">\n\t\t\t\t\t\t\t\t\t<p><span style=\"font-weight: 400;\">W gronie praktyk\u00f3w i praktyczek prawa oraz os\u00f3b aktywnych spo\u0142ecznie chcemy zastanowi\u0107 si\u0119, jak mo\u017cna by\u0107 nie tylko prawnikiem, ale te\u017c odpowiedzialnym cz\u0142onkiem wi\u0119kszej spo\u0142eczno\u015bci.&nbsp;&nbsp;<\/span><\/p>\n<p>Spotkanie jest bezp\u0142atne. Organizuje je Fundacja Law For Good a partnerem wydarzenia jest kancelaria Legalden. Nasze zaproszenie przyj\u0119li: prof. Ewa \u0141\u0119towska, dr Hanna Machi\u0144ska, Kamil Wyszkowski, dr Kamil St\u0119pniak, mec. Miko\u0142aj Pietrzak, Marianna Yaroslavska.&nbsp;<\/p>\n<p>Liczba miejsc jest ograniczona. Spotkanie nie b\u0119dzie transmitowane ani nagrywane.<\/p>\n<h4>Kiedy? 30.06.2025<\/h4>\n<h4><span style=\"font-family: -apple-system, BlinkMacSystemFont, 'Segoe UI', Roboto, 'Helvetica Neue', Arial, 'Noto Sans', sans-serif, 'Apple Color Emoji', 'Segoe UI Emoji', 'Segoe UI Symbol', 'Noto Color Emoji';\">Miejsce: Pi\u0119kna 49, Warszawa (na przeciwko Hali Koszyki) 1 pi\u0119tro (domofon 10)&nbsp;<\/span><\/h4>\t\t\t\t\t\t\t\t<\/div>\n\t\t<div class=\"elementor-element elementor-element-02d335a e-con-full e-flex e-con e-child\" data-id=\"02d335a\" data-element_type=\"container\" data-e-type=\"container\" data-settings=\"{&quot;background_background&quot;:&quot;classic&quot;}\">\n\t\t\t\t<div class=\"elementor-element elementor-element-cff7693 elementor-widget elementor-widget-text-editor\" data-id=\"cff7693\" data-element_type=\"widget\" data-e-type=\"widget\" data-widget_type=\"text-editor.default\">\n\t\t\t\t\t\t\t\t\t<h2 data-start=\"0\" data-end=\"269\">Program spotkania<\/h2><p><strong>9.30 &#8211; 9.45<\/strong> &#8211; networking przy porannej kawie<\/p><p><strong>9.45 &#8211; 09.55<\/strong> &#8211; przywitanie go\u015bci, wprowadzenie do spotkania<\/p><p><strong>09.55 &#8211; 10.15<\/strong> &#8211; rozmowa z prof. Ew\u0105 \u0141\u0119towsk\u0105 <span style=\"font-weight: 400;\">\u201e<\/span>Gdy jedynym celem jest zysk &#8211; zagro\u017cenia dla obrotu prawnego i spo\u0142ecze\u0144stwa\u201d<\/p><p><strong>10.15 &#8211; 10:55<\/strong>\u00a0&#8211; otwarty panel*\u00a0 <span style=\"font-weight: 400;\">\u201e<\/span>Prawnik w spo\u0142ecze\u0144stwie\u201d<\/p><p><strong>10:55 &#8211; 11.10<\/strong>\u00a0&#8211; przerwa na kaw\u0119, networking<\/p><p><strong>11.10 &#8211; 11.55<\/strong> &#8211; otwarty panel* <span style=\"font-weight: 400;\">\u201e<\/span>Prawnik w odpowiedzialnym biznesie\u201d<\/p><p><strong>11.55 &#8211; 12.00<\/strong> &#8211; Zako\u0144czenie<\/p><p data-start=\"271\" data-end=\"542\" data-is-last-node=\"\" data-is-only-node=\"\">*Otwarty panel \u2013 forma spotkania, w kt\u00f3rej zaproszeni paneli\u015bci dziel\u0105 si\u0119 swoimi perspektywami na dany temat, ale kluczow\u0105 rol\u0119 odgrywa r\u00f3wnie\u017c publiczno\u015b\u0107. Cech\u0105 wyr\u00f3\u017cniaj\u0105c\u0105 tej formu\u0142y jest dynamiczna interakcja \u2013 nie tylko w formie pyta\u0144 po wypowiedziach panelist\u00f3w.<\/p>\t\t\t\t\t\t\t\t<\/div>\n\t\t\t\t<\/div>\n\t\t\t\t\t<\/div>\n\t\t\t\t<\/div>\n\t\t\t\t\t<\/div>\n\t\t\t\t<\/div>\n\t\t<div class=\"elementor-element elementor-element-caa8a6c e-flex e-con-boxed e-con e-parent\" data-id=\"caa8a6c\" data-element_type=\"container\" data-e-type=\"container\">\n\t\t\t\t\t<div class=\"e-con-inner\">\n\t\t\t\t<div class=\"elementor-element elementor-element-ac16d59 elementor-widget elementor-widget-heading\" data-id=\"ac16d59\" data-element_type=\"widget\" data-e-type=\"widget\" data-widget_type=\"heading.default\">\n\t\t\t\t\t<h2 class=\"elementor-heading-title elementor-size-default\">Rejestracja zako\u0144czona<\/h2>\t\t\t\t<\/div>\n\t\t\t\t\t<\/div>\n\t\t\t\t<\/div>\n\t\t<div class=\"elementor-element elementor-element-15a6aa4 e-flex e-con-boxed e-con e-parent\" data-id=\"15a6aa4\" data-element_type=\"container\" data-e-type=\"container\">\n\t\t\t\t\t<div class=\"e-con-inner\">\n\t\t\t\t<div class=\"elementor-element elementor-element-87502b5 elementor-widget elementor-widget-spacer\" data-id=\"87502b5\" data-element_type=\"widget\" data-e-type=\"widget\" data-widget_type=\"spacer.default\">\n\t\t\t\t\t\t\t<div class=\"elementor-spacer\">\n\t\t\t<div class=\"elementor-spacer-inner\"><\/div>\n\t\t<\/div>\n\t\t\t\t\t\t<\/div>\n\t\t\t\t\t<\/div>\n\t\t\t\t<\/div>\n\t\t<div class=\"elementor-element elementor-element-0f75444 e-flex e-con-boxed e-con e-parent\" data-id=\"0f75444\" data-element_type=\"container\" data-e-type=\"container\">\n\t\t\t\t\t<div class=\"e-con-inner\">\n\t\t\t\t\t<\/div>\n\t\t\t\t<\/div>\n\t\t\t\t<\/div>","protected":false},"excerpt":{"rendered":"<p>LawForGood Prawnik mo\u017ce mie\u0107 pozytywny wp\u0142yw na otaczaj\u0105cy nas \u015bwiat. Spotkaj innych prawnik\u00f3w, kt\u00f3rym zale\u017cy. W gronie praktyk\u00f3w i praktyczek prawa oraz os\u00f3b aktywnych spo\u0142ecznie chcemy zastanowi\u0107 si\u0119, jak mo\u017cna by\u0107 nie tylko prawnikiem, ale te\u017c odpowiedzialnym cz\u0142onkiem wi\u0119kszej spo\u0142eczno\u015bci.&nbsp;&nbsp; Spotkanie jest bezp\u0142atne. Organizuje je Fundacja Law For Good a partnerem wydarzenia jest kancelaria Legalden. [&hellip;]<\/p>\n","protected":false},"author":17,"featured_media":10388,"parent":1731,"menu_order":2,"comment_status":"closed","ping_status":"closed","template":"","meta":{"_acf_changed":false,"footnotes":""},"ppma_author":[1363],"class_list":["post-10386","page","type-page","status-publish","has-post-thumbnail","hentry"],"acf":[],"_links":{"self":[{"href":"https:\/\/legalden.pl\/en\/wp-json\/wp\/v2\/pages\/10386","targetHints":{"allow":["GET"]}}],"collection":[{"href":"https:\/\/legalden.pl\/en\/wp-json\/wp\/v2\/pages"}],"about":[{"href":"https:\/\/legalden.pl\/en\/wp-json\/wp\/v2\/types\/page"}],"author":[{"embeddable":true,"href":"https:\/\/legalden.pl\/en\/wp-json\/wp\/v2\/users\/17"}],"replies":[{"embeddable":true,"href":"https:\/\/legalden.pl\/en\/wp-json\/wp\/v2\/comments?post=10386"}],"version-history":[{"count":1,"href":"https:\/\/legalden.pl\/en\/wp-json\/wp\/v2\/pages\/10386\/revisions"}],"predecessor-version":[{"id":12120,"href":"https:\/\/legalden.pl\/en\/wp-json\/wp\/v2\/pages\/10386\/revisions\/12120"}],"up":[{"embeddable":true,"href":"https:\/\/legalden.pl\/en\/wp-json\/wp\/v2\/pages\/1731"}],"wp:featuredmedia":[{"embeddable":true,"href":"https:\/\/legalden.pl\/en\/wp-json\/wp\/v2\/media\/10388"}],"wp:attachment":[{"href":"https:\/\/legalden.pl\/en\/wp-json\/wp\/v2\/media?parent=10386"}],"wp:term":[{"taxonomy":"author","embeddable":true,"href":"https:\/\/legalden.pl\/en\/wp-json\/wp\/v2\/ppma_author?post=10386"}],"curies":[{"name":"wp","href":"https:\/\/api.w.org\/{rel}","templated":true}]}}