{"id":11165,"date":"2025-10-09T20:25:50","date_gmt":"2025-10-09T18:25:50","guid":{"rendered":"https:\/\/legalden.pl\/slownik\/"},"modified":"2025-10-09T20:25:50","modified_gmt":"2025-10-09T18:25:50","slug":"slownik","status":"publish","type":"page","link":"https:\/\/legalden.pl\/en\/slownik\/","title":{"rendered":"S\u0142ownik"},"content":{"rendered":"<div class=\"betterdocs-encyclopedia-wrapper\">\n        <div class=\"betterdocs-laxical-container\">\n        <div class=\"encyclopedia-filter-content\">\n\n            \n<div class=\"encyclopedia-alphabets alphabets-style-box\">\n    <ul class=\"encyclopedia-alphabet-list\">\n        <li class=\"alphabet-list-item\" data-letter=\"all\"><a href=\"https:\/\/legalden.pl\/en\/slownik\/\">All<\/a><\/li><li class=\"alphabet-list-item\" data-letter=\"A\"><a href=\"https:\/\/legalden.pl\/en\/slownik\/?encyclopedia_prefix=A\">A<\/a><\/li><li class=\"alphabet-list-item\" data-letter=\"B\"><a href=\"https:\/\/legalden.pl\/en\/slownik\/?encyclopedia_prefix=B\">B<\/a><\/li><li class=\"alphabet-list-item\" data-letter=\"C\"><a href=\"https:\/\/legalden.pl\/en\/slownik\/?encyclopedia_prefix=C\">C<\/a><\/li><li class=\"alphabet-list-item\" data-letter=\"D\"><a href=\"https:\/\/legalden.pl\/en\/slownik\/?encyclopedia_prefix=D\">D<\/a><\/li><li class=\"alphabet-list-item\" data-letter=\"E\"><a class=\"letter-has-no-docs\" href=\"#\">E<\/a><\/li><li class=\"alphabet-list-item\" data-letter=\"F\"><a href=\"https:\/\/legalden.pl\/en\/slownik\/?encyclopedia_prefix=F\">F<\/a><\/li><li class=\"alphabet-list-item\" data-letter=\"G\"><a class=\"letter-has-no-docs\" href=\"#\">G<\/a><\/li><li class=\"alphabet-list-item\" data-letter=\"H\"><a class=\"letter-has-no-docs\" href=\"#\">H<\/a><\/li><li class=\"alphabet-list-item\" data-letter=\"I\"><a class=\"letter-has-no-docs\" href=\"#\">I<\/a><\/li><li class=\"alphabet-list-item\" data-letter=\"J\"><a class=\"letter-has-no-docs\" href=\"#\">J<\/a><\/li><li class=\"alphabet-list-item\" data-letter=\"K\"><a href=\"https:\/\/legalden.pl\/en\/slownik\/?encyclopedia_prefix=K\">K<\/a><\/li><li class=\"alphabet-list-item\" data-letter=\"L\"><a class=\"letter-has-no-docs\" href=\"#\">L<\/a><\/li><li class=\"alphabet-list-item\" data-letter=\"M\"><a href=\"https:\/\/legalden.pl\/en\/slownik\/?encyclopedia_prefix=M\">M<\/a><\/li><li class=\"alphabet-list-item\" data-letter=\"N\"><a href=\"https:\/\/legalden.pl\/en\/slownik\/?encyclopedia_prefix=N\">N<\/a><\/li><li class=\"alphabet-list-item\" data-letter=\"O\"><a href=\"https:\/\/legalden.pl\/en\/slownik\/?encyclopedia_prefix=O\">O<\/a><\/li><li class=\"alphabet-list-item\" data-letter=\"P\"><a class=\"letter-has-no-docs\" href=\"#\">P<\/a><\/li><li class=\"alphabet-list-item\" data-letter=\"Q\"><a class=\"letter-has-no-docs\" href=\"#\">Q<\/a><\/li><li class=\"alphabet-list-item\" data-letter=\"R\"><a href=\"https:\/\/legalden.pl\/en\/slownik\/?encyclopedia_prefix=R\">R<\/a><\/li><li class=\"alphabet-list-item\" data-letter=\"S\"><a href=\"https:\/\/legalden.pl\/en\/slownik\/?encyclopedia_prefix=S\">S<\/a><\/li><li class=\"alphabet-list-item\" data-letter=\"T\"><a class=\"letter-has-no-docs\" href=\"#\">T<\/a><\/li><li class=\"alphabet-list-item\" data-letter=\"U\"><a class=\"letter-has-no-docs\" href=\"#\">U<\/a><\/li><li class=\"alphabet-list-item\" data-letter=\"V\"><a class=\"letter-has-no-docs\" href=\"#\">V<\/a><\/li><li class=\"alphabet-list-item\" data-letter=\"W\"><a href=\"https:\/\/legalden.pl\/en\/slownik\/?encyclopedia_prefix=W\">W<\/a><\/li><li class=\"alphabet-list-item\" data-letter=\"X\"><a class=\"letter-has-no-docs\" href=\"#\">X<\/a><\/li><li class=\"alphabet-list-item\" data-letter=\"Y\"><a class=\"letter-has-no-docs\" href=\"#\">Y<\/a><\/li><li class=\"alphabet-list-item\" data-letter=\"Z\"><a href=\"https:\/\/legalden.pl\/en\/slownik\/?encyclopedia_prefix=Z\">Z<\/a><\/li>    <\/ul>\n<\/div>\n\n            <div class=\"w-dyn-list\">\n                <div class=\"betterdocs-encyclopedia layout-card layout-doc-grid\" id=\"encyclopedia-container\">\n                    <div class='encyclopedia-section-A section-item'><div class=\"letter-start alphabet-big-round-view\" data-scroll-letter=\"A\"><span>A<\/span><\/div>\n<div class=\"encyclopedia-item\" data-first-letter=\"A\">\n    <div class=\"tools-card\">\n        <div class=\"top-tools-card\">\n            <h2 class=\"heading-small tools-card__title-text encyclopedia-item-title-tag\">Akt fundacyjny \/ Akt za\u0142o\u017cycielski<\/h2>            <p class=\"text-size-small tools-card__sample-text\">Dokument w formie aktu notarialnego, w kt\u00f3rym fundator sk\u0142ada o\u015bwiadczenie woli o ustanowieniu fundacji. Okre\u015bla...<\/p>\n        <\/div>\n        <div class=\"tools-card_link-container\">\n            <a href=\"https:\/\/legalden.pl\/en\/slownik\/akt-fundacyjny-akt-zalozycielski\" class=\"text-style-link\">Learn More<\/a>\n            <a href=\"#\" class=\"text-style-link tools-card_arrow\">\u2192<\/a>\n        <\/div>\n        <a href=\"https:\/\/legalden.pl\/en\/slownik\/akt-fundacyjny-akt-zalozycielski\" class=\"tools-card__link-block w-inline-block\"><\/a>\n    <\/div>\n<\/div><\/div><div class='encyclopedia-section-B section-item'><div class=\"letter-start alphabet-big-round-view\" data-scroll-letter=\"B\"><span>B<\/span><\/div>\n<div class=\"encyclopedia-item\" data-first-letter=\"B\">\n    <div class=\"tools-card\">\n        <div class=\"top-tools-card\">\n            <h2 class=\"heading-small tools-card__title-text encyclopedia-item-title-tag\">Beneficjent<\/h2>            <p class=\"text-size-small tools-card__sample-text\">Osoba fizyczna, osoba prawna lub jednostka organizacyjna nieposiadaj\u0105ca osobowo\u015bci prawnej, kt\u00f3ra zgodnie ze statutem mo\u017ce...<\/p>\n        <\/div>\n        <div class=\"tools-card_link-container\">\n            <a href=\"https:\/\/legalden.pl\/en\/slownik\/beneficjent\" class=\"text-style-link\">Learn More<\/a>\n            <a href=\"#\" class=\"text-style-link tools-card_arrow\">\u2192<\/a>\n        <\/div>\n        <a href=\"https:\/\/legalden.pl\/en\/slownik\/beneficjent\" class=\"tools-card__link-block w-inline-block\"><\/a>\n    <\/div>\n<\/div><\/div><div class='encyclopedia-section-C section-item'><div class=\"letter-start alphabet-big-round-view\" data-scroll-letter=\"C\"><span>C<\/span><\/div>\n<div class=\"encyclopedia-item\" data-first-letter=\"C\">\n    <div class=\"tools-card\">\n        <div class=\"top-tools-card\">\n            <h2 class=\"heading-small tools-card__title-text encyclopedia-item-title-tag\">CRBR (Centralny Rejestr Beneficjent\u00f3w Rzeczywistych)<\/h2>            <p class=\"text-size-small tools-card__sample-text\">Publiczny rejestr gromadz\u0105cy informacje o beneficjentach rzeczywistych, czyli osobach fizycznych sprawuj\u0105cych bezpo\u015bredni\u0105 lub po\u015bredni\u0105 kontrol\u0119...<\/p>\n        <\/div>\n        <div class=\"tools-card_link-container\">\n            <a href=\"https:\/\/legalden.pl\/en\/slownik\/crbr-centralny-rejestr-beneficjentow-rzeczywistych\" class=\"text-style-link\">Learn More<\/a>\n            <a href=\"#\" class=\"text-style-link tools-card_arrow\">\u2192<\/a>\n        <\/div>\n        <a href=\"https:\/\/legalden.pl\/en\/slownik\/crbr-centralny-rejestr-beneficjentow-rzeczywistych\" class=\"tools-card__link-block w-inline-block\"><\/a>\n    <\/div>\n<\/div><\/div><div class='encyclopedia-section-D section-item'><div class=\"letter-start alphabet-big-round-view\" data-scroll-letter=\"D\"><span>D<\/span><\/div>\n<div class=\"encyclopedia-item\" data-first-letter=\"D\">\n    <div class=\"tools-card\">\n        <div class=\"top-tools-card\">\n            <h2 class=\"heading-small tools-card__title-text encyclopedia-item-title-tag\">Dzia\u0142alno\u015b\u0107 gospodarcza fundacji<\/h2>            <p class=\"text-size-small tools-card__sample-text\">Forma dzia\u0142alno\u015bci ekonomicznej, kt\u00f3r\u0105 mo\u017ce prowadzi\u0107 fundacja w celu pozyskiwania \u015brodk\u00f3w na realizacj\u0119 swoich cel\u00f3w...<\/p>\n        <\/div>\n        <div class=\"tools-card_link-container\">\n            <a href=\"https:\/\/legalden.pl\/en\/slownik\/dzialalnosc-gospodarcza-fundacji\" class=\"text-style-link\">Learn More<\/a>\n            <a href=\"#\" class=\"text-style-link tools-card_arrow\">\u2192<\/a>\n        <\/div>\n        <a href=\"https:\/\/legalden.pl\/en\/slownik\/dzialalnosc-gospodarcza-fundacji\" class=\"tools-card__link-block w-inline-block\"><\/a>\n    <\/div>\n<\/div>\n<div class=\"encyclopedia-item\" data-first-letter=\"D\">\n    <div class=\"tools-card\">\n        <div class=\"top-tools-card\">\n            <h2 class=\"heading-small tools-card__title-text encyclopedia-item-title-tag\">Dzia\u0142alno\u015b\u0107 odp\u0142atna po\u017cytku publicznego<\/h2>            <p class=\"text-size-small tools-card__sample-text\">Forma dzia\u0142alno\u015bci ekonomicznej, w kt\u00f3rej przych\u00f3d mo\u017ce s\u0142u\u017cy\u0107 wy\u0142\u0105cznie pokryciu koszt\u00f3w prowadzenia tej dzia\u0142alno\u015bci. Nie...<\/p>\n        <\/div>\n        <div class=\"tools-card_link-container\">\n            <a href=\"https:\/\/legalden.pl\/en\/slownik\/dzialalnosc-odplatna-pozytku-publicznego\" class=\"text-style-link\">Learn More<\/a>\n            <a href=\"#\" class=\"text-style-link tools-card_arrow\">\u2192<\/a>\n        <\/div>\n        <a href=\"https:\/\/legalden.pl\/en\/slownik\/dzialalnosc-odplatna-pozytku-publicznego\" class=\"tools-card__link-block w-inline-block\"><\/a>\n    <\/div>\n<\/div><\/div><div class='encyclopedia-section-F section-item'><div class=\"letter-start alphabet-big-round-view\" data-scroll-letter=\"F\"><span>F<\/span><\/div>\n<div class=\"encyclopedia-item\" data-first-letter=\"F\">\n    <div class=\"tools-card\">\n        <div class=\"top-tools-card\">\n            <h2 class=\"heading-small tools-card__title-text encyclopedia-item-title-tag\">Fundacja<\/h2>            <p class=\"text-size-small tools-card__sample-text\">Organizacja pozarz\u0105dowa (NGO) powo\u0142ywana do realizacji cel\u00f3w spo\u0142ecznie lub gospodarczo u\u017cytecznych. Jej fundamentem jest maj\u0105tek...<\/p>\n        <\/div>\n        <div class=\"tools-card_link-container\">\n            <a href=\"https:\/\/legalden.pl\/en\/slownik\/fundacja\" class=\"text-style-link\">Learn More<\/a>\n            <a href=\"#\" class=\"text-style-link tools-card_arrow\">\u2192<\/a>\n        <\/div>\n        <a href=\"https:\/\/legalden.pl\/en\/slownik\/fundacja\" class=\"tools-card__link-block w-inline-block\"><\/a>\n    <\/div>\n<\/div>\n<div class=\"encyclopedia-item\" data-first-letter=\"F\">\n    <div class=\"tools-card\">\n        <div class=\"top-tools-card\">\n            <h2 class=\"heading-small tools-card__title-text encyclopedia-item-title-tag\">Fundacja rodzinna<\/h2>            <p class=\"text-size-small tools-card__sample-text\">Specyficzny typ fundacji, kt\u00f3rej g\u0142\u00f3wnym celem jest gromadzenie i zarz\u0105dzanie maj\u0105tkiem rodzinnym, planowanie sukcesji oraz...<\/p>\n        <\/div>\n        <div class=\"tools-card_link-container\">\n            <a href=\"https:\/\/legalden.pl\/en\/slownik\/fundacja-rodzinna\" class=\"text-style-link\">Learn More<\/a>\n            <a href=\"#\" class=\"text-style-link tools-card_arrow\">\u2192<\/a>\n        <\/div>\n        <a href=\"https:\/\/legalden.pl\/en\/slownik\/fundacja-rodzinna\" class=\"tools-card__link-block w-inline-block\"><\/a>\n    <\/div>\n<\/div>\n<div class=\"encyclopedia-item\" data-first-letter=\"F\">\n    <div class=\"tools-card\">\n        <div class=\"top-tools-card\">\n            <h2 class=\"heading-small tools-card__title-text encyclopedia-item-title-tag\">Fundator<\/h2>            <p class=\"text-size-small tools-card__sample-text\">Osoba fizyczna lub prawna, kt\u00f3ra zak\u0142ada fundacj\u0119, przeznaczaj\u0105c na jej rzecz okre\u015blony maj\u0105tek (fundusz za\u0142o\u017cycielski)...<\/p>\n        <\/div>\n        <div class=\"tools-card_link-container\">\n            <a href=\"https:\/\/legalden.pl\/en\/slownik\/fundator\" class=\"text-style-link\">Learn More<\/a>\n            <a href=\"#\" class=\"text-style-link tools-card_arrow\">\u2192<\/a>\n        <\/div>\n        <a href=\"https:\/\/legalden.pl\/en\/slownik\/fundator\" class=\"tools-card__link-block w-inline-block\"><\/a>\n    <\/div>\n<\/div>\n<div class=\"encyclopedia-item\" data-first-letter=\"F\">\n    <div class=\"tools-card\">\n        <div class=\"top-tools-card\">\n            <h2 class=\"heading-small tools-card__title-text encyclopedia-item-title-tag\">Fundusz za\u0142o\u017cycielski<\/h2>            <p class=\"text-size-small tools-card__sample-text\">Maj\u0105tek pocz\u0105tkowy, kt\u00f3ry fundator przekazuje na rzecz fundacji w momencie jej zak\u0142adania. Jest niezb\u0119dny do...<\/p>\n        <\/div>\n        <div class=\"tools-card_link-container\">\n            <a href=\"https:\/\/legalden.pl\/en\/slownik\/fundusz-zalozycielski\" class=\"text-style-link\">Learn More<\/a>\n            <a href=\"#\" class=\"text-style-link tools-card_arrow\">\u2192<\/a>\n        <\/div>\n        <a href=\"https:\/\/legalden.pl\/en\/slownik\/fundusz-zalozycielski\" class=\"tools-card__link-block w-inline-block\"><\/a>\n    <\/div>\n<\/div><\/div>                <\/div>\n\n                \n    <div class=\"loadmoreBtn-container\">\n        <div class=\"encyclopedia-loadmore-btn loadMoreBtn\" data-total-section-pages=\"2\" data-control-attributes=\"eyJkb2Nfc3R5bGUiOiJkb2MtZ3JpZCIsImRpY3Rpb25hcnlfZG9jc19wZXJfcGFnZSI6NTAsImRpY3Rpb25hcnlfbG9hZG1vcmUiOnRydWUsImRvY3NfbG9hZG1vcmUiOnRydWUsImN1cnJlbnRfbGV0dGVyIjpudWxsLCJzaG93bl9zZWN0aW9ucyI6NSwidG90YWxfc2VjdGlvbl9wYWdlcyI6MiwidG90YWxfZG9jX3BhZ2VzIjowLCJzdGFydF9sZXR0ZXJfc3R5bGUiOiJhbHBoYWJldC1iaWctcm91bmQtdmlldyIsImRpY3Rpb25hcnlfbG9hZG1vcmVfYnV0dG9uX3RleHQiOiJMb2FkIE1vcmUiLCJkaWN0aW9uYXJ5X2xlYXJuX21vcmVfdGV4dCI6IkxlYXJuIE1vcmUiLCJkaWN0aW9uYXJ5X2V4cGxvcmVfbW9yZV90ZXh0IjoiRXhwbG9yZSBbY291bnRdIE1vcmUgRG9jcyIsIml0ZW1faGVhZGluZ190YWciOiJoMiJ9\">Load More<\/div>    <\/div>\n\n            <\/div>\n\n\n            \n                    <\/div>\n    <\/div>\n<\/div>","protected":false},"excerpt":{"rendered":"","protected":false},"author":17,"featured_media":0,"parent":0,"menu_order":0,"comment_status":"closed","ping_status":"closed","template":"","meta":{"_acf_changed":false,"footnotes":""},"ppma_author":[1363],"class_list":["post-11165","page","type-page","status-publish","hentry"],"acf":[],"_links":{"self":[{"href":"https:\/\/legalden.pl\/en\/wp-json\/wp\/v2\/pages\/11165","targetHints":{"allow":["GET"]}}],"collection":[{"href":"https:\/\/legalden.pl\/en\/wp-json\/wp\/v2\/pages"}],"about":[{"href":"https:\/\/legalden.pl\/en\/wp-json\/wp\/v2\/types\/page"}],"author":[{"embeddable":true,"href":"https:\/\/legalden.pl\/en\/wp-json\/wp\/v2\/users\/17"}],"replies":[{"embeddable":true,"href":"https:\/\/legalden.pl\/en\/wp-json\/wp\/v2\/comments?post=11165"}],"version-history":[{"count":0,"href":"https:\/\/legalden.pl\/en\/wp-json\/wp\/v2\/pages\/11165\/revisions"}],"wp:attachment":[{"href":"https:\/\/legalden.pl\/en\/wp-json\/wp\/v2\/media?parent=11165"}],"wp:term":[{"taxonomy":"author","embeddable":true,"href":"https:\/\/legalden.pl\/en\/wp-json\/wp\/v2\/ppma_author?post=11165"}],"curies":[{"name":"wp","href":"https:\/\/api.w.org\/{rel}","templated":true}]}}