{"id":11595,"date":"2026-01-22T12:43:27","date_gmt":"2026-01-22T11:43:27","guid":{"rendered":"https:\/\/legalden.pl\/?page_id=11595"},"modified":"2026-01-22T13:56:00","modified_gmt":"2026-01-22T12:56:00","slug":"zadaj-pytanie-esg","status":"publish","type":"page","link":"https:\/\/legalden.pl\/en\/zadaj-pytanie-esg\/","title":{"rendered":""},"content":{"rendered":"<div data-elementor-type=\"wp-page\" data-elementor-id=\"11595\" class=\"elementor elementor-11595\" data-elementor-post-type=\"page\">\n\t\t\t\t<div class=\"elementor-element elementor-element-8165c47 e-flex e-con-boxed e-con e-parent\" data-id=\"8165c47\" data-element_type=\"container\" data-e-type=\"container\">\n\t\t\t\t\t<div class=\"e-con-inner\">\n\t\t<div data-dce-background-image-url=\"https:\/\/legalden.pl\/wp-content\/uploads\/2026\/01\/Legalden-5358.jpg\" class=\"elementor-element elementor-element-8e45e48 e-con-full e-flex e-con e-child\" data-id=\"8e45e48\" data-element_type=\"container\" data-e-type=\"container\" data-settings=\"{&quot;background_background&quot;:&quot;classic&quot;}\">\n\t\t<div data-dce-background-color=\"#EFEFEF\" class=\"elementor-element elementor-element-d86659b e-con-full e-flex e-con e-child\" data-id=\"d86659b\" data-element_type=\"container\" data-e-type=\"container\" data-settings=\"{&quot;background_background&quot;:&quot;classic&quot;}\">\n\t\t\t\t<div class=\"elementor-element elementor-element-246946e elementor-widget elementor-widget-heading\" data-id=\"246946e\" data-element_type=\"widget\" data-e-type=\"widget\" data-widget_type=\"heading.default\">\n\t\t\t\t\t<h1 class=\"elementor-heading-title elementor-size-default\">Zapytaj o ESG<\/h1>\t\t\t\t<\/div>\n\t\t\t\t<div class=\"elementor-element elementor-element-2f0a1db elementor-widget elementor-widget-heading\" data-id=\"2f0a1db\" data-element_type=\"widget\" data-e-type=\"widget\" data-widget_type=\"heading.default\">\n\t\t\t\t\t<div class=\"elementor-heading-title elementor-size-default\">Jeste\u015b ekspertk\u0105 lub ekspertem ESG, ale martwi\u0105 Ci\u0119 przepisy prawa? A mo\u017ce Twoja firma dopiero zastanawia si\u0119 czy dotycz\u0105 jej przepisy zr\u00f3wnowa\u017conego rozwoju lub dosta\u0142a ankiet\u0119 Ecovadis? <\/div>\t\t\t\t<\/div>\n\t\t\t\t<\/div>\n\t\t\t\t<\/div>\n\t\t\t\t\t<\/div>\n\t\t\t\t<\/div>\n\t\t<div class=\"elementor-element elementor-element-fa0d4ea e-flex e-con-boxed e-con e-parent\" data-id=\"fa0d4ea\" data-element_type=\"container\" data-e-type=\"container\">\n\t\t\t\t\t<div class=\"e-con-inner\">\n\t\t<div class=\"elementor-element elementor-element-1bcb491 e-con-full e-flex e-con e-child\" data-id=\"1bcb491\" data-element_type=\"container\" data-e-type=\"container\">\n\t\t\t\t<div class=\"elementor-element elementor-element-a73e49f elementor-widget elementor-widget-heading\" data-id=\"a73e49f\" data-element_type=\"widget\" data-e-type=\"widget\" data-widget_type=\"heading.default\">\n\t\t\t\t\t<h2 class=\"elementor-heading-title elementor-size-default\">Masz pytanie?<\/h2>\t\t\t\t<\/div>\n\t\t<div data-dce-background-color=\"#EEE9E4\" class=\"elementor-element elementor-element-563476b e-con-full e-flex e-con e-child\" data-id=\"563476b\" data-element_type=\"container\" data-e-type=\"container\" data-settings=\"{&quot;background_background&quot;:&quot;classic&quot;}\">\n\t\t\t\t<div class=\"elementor-element elementor-element-d460ba6 elementor-align-start elementor-icon-list--layout-traditional elementor-list-item-link-full_width elementor-widget elementor-widget-icon-list\" data-id=\"d460ba6\" data-element_type=\"widget\" data-e-type=\"widget\" data-widget_type=\"icon-list.default\">\n\t\t\t\t\t\t\t<ul class=\"elementor-icon-list-items\">\n\t\t\t\t\t\t\t<li class=\"elementor-icon-list-item\">\n\t\t\t\t\t\t\t\t\t\t\t<span class=\"elementor-icon-list-icon\">\n\t\t\t\t\t\t\t<svg aria-hidden=\"true\" class=\"e-font-icon-svg e-far-question-circle\" viewbox=\"0 0 512 512\" xmlns=\"http:\/\/www.w3.org\/2000\/svg\"><path d=\"M256 8C119.043 8 8 119.083 8 256c0 136.997 111.043 248 248 248s248-111.003 248-248C504 119.083 392.957 8 256 8zm0 448c-110.532 0-200-89.431-200-200 0-110.495 89.472-200 200-200 110.491 0 200 89.471 200 200 0 110.53-89.431 200-200 200zm107.244-255.2c0 67.052-72.421 68.084-72.421 92.863V300c0 6.627-5.373 12-12 12h-45.647c-6.627 0-12-5.373-12-12v-8.659c0-35.745 27.1-50.034 47.579-61.516 17.561-9.845 28.324-16.541 28.324-29.579 0-17.246-21.999-28.693-39.784-28.693-23.189 0-33.894 10.977-48.942 29.969-4.057 5.12-11.46 6.071-16.666 2.124l-27.824-21.098c-5.107-3.872-6.251-11.066-2.644-16.363C184.846 131.491 214.94 112 261.794 112c49.071 0 101.45 38.304 101.45 88.8zM298 368c0 23.159-18.841 42-42 42s-42-18.841-42-42 18.841-42 42-42 42 18.841 42 42z\"><\/path><\/svg>\t\t\t\t\t\t<\/span>\n\t\t\t\t\t\t\t\t\t\t<span class=\"elementor-icon-list-text\">Czy musimy robi\u0107 to ca\u0142e ESG <\/span>\n\t\t\t\t\t\t\t\t\t<\/li>\n\t\t\t\t\t\t\t\t<li class=\"elementor-icon-list-item\">\n\t\t\t\t\t\t\t\t\t\t\t<span class=\"elementor-icon-list-icon\">\n\t\t\t\t\t\t\t<svg aria-hidden=\"true\" class=\"e-font-icon-svg e-far-question-circle\" viewbox=\"0 0 512 512\" xmlns=\"http:\/\/www.w3.org\/2000\/svg\"><path d=\"M256 8C119.043 8 8 119.083 8 256c0 136.997 111.043 248 248 248s248-111.003 248-248C504 119.083 392.957 8 256 8zm0 448c-110.532 0-200-89.431-200-200 0-110.495 89.472-200 200-200 110.491 0 200 89.471 200 200 0 110.53-89.431 200-200 200zm107.244-255.2c0 67.052-72.421 68.084-72.421 92.863V300c0 6.627-5.373 12-12 12h-45.647c-6.627 0-12-5.373-12-12v-8.659c0-35.745 27.1-50.034 47.579-61.516 17.561-9.845 28.324-16.541 28.324-29.579 0-17.246-21.999-28.693-39.784-28.693-23.189 0-33.894 10.977-48.942 29.969-4.057 5.12-11.46 6.071-16.666 2.124l-27.824-21.098c-5.107-3.872-6.251-11.066-2.644-16.363C184.846 131.491 214.94 112 261.794 112c49.071 0 101.45 38.304 101.45 88.8zM298 368c0 23.159-18.841 42-42 42s-42-18.841-42-42 18.841-42 42-42 42 18.841 42 42z\"><\/path><\/svg>\t\t\t\t\t\t<\/span>\n\t\t\t\t\t\t\t\t\t\t<span class=\"elementor-icon-list-text\">Dostali\u015bmy tak\u0105 ankiet\u0119 ale nie wiemy o co chodzi<\/span>\n\t\t\t\t\t\t\t\t\t<\/li>\n\t\t\t\t\t\t\t\t<li class=\"elementor-icon-list-item\">\n\t\t\t\t\t\t\t\t\t\t\t<span class=\"elementor-icon-list-icon\">\n\t\t\t\t\t\t\t<svg aria-hidden=\"true\" class=\"e-font-icon-svg e-far-question-circle\" viewbox=\"0 0 512 512\" xmlns=\"http:\/\/www.w3.org\/2000\/svg\"><path d=\"M256 8C119.043 8 8 119.083 8 256c0 136.997 111.043 248 248 248s248-111.003 248-248C504 119.083 392.957 8 256 8zm0 448c-110.532 0-200-89.431-200-200 0-110.495 89.472-200 200-200 110.491 0 200 89.471 200 200 0 110.53-89.431 200-200 200zm107.244-255.2c0 67.052-72.421 68.084-72.421 92.863V300c0 6.627-5.373 12-12 12h-45.647c-6.627 0-12-5.373-12-12v-8.659c0-35.745 27.1-50.034 47.579-61.516 17.561-9.845 28.324-16.541 28.324-29.579 0-17.246-21.999-28.693-39.784-28.693-23.189 0-33.894 10.977-48.942 29.969-4.057 5.12-11.46 6.071-16.666 2.124l-27.824-21.098c-5.107-3.872-6.251-11.066-2.644-16.363C184.846 131.491 214.94 112 261.794 112c49.071 0 101.45 38.304 101.45 88.8zM298 368c0 23.159-18.841 42-42 42s-42-18.841-42-42 18.841-42 42-42 42 18.841 42 42z\"><\/path><\/svg>\t\t\t\t\t\t<\/span>\n\t\t\t\t\t\t\t\t\t\t<span class=\"elementor-icon-list-text\">Jak zacz\u0105\u0107 wdra\u017ca\u0107 ESG bez dzia\u0142u i du\u017cych pieni\u0119dzy <\/span>\n\t\t\t\t\t\t\t\t\t<\/li>\n\t\t\t\t\t\t\t\t<li class=\"elementor-icon-list-item\">\n\t\t\t\t\t\t\t\t\t\t\t<span class=\"elementor-icon-list-icon\">\n\t\t\t\t\t\t\t<svg aria-hidden=\"true\" class=\"e-font-icon-svg e-far-question-circle\" viewbox=\"0 0 512 512\" xmlns=\"http:\/\/www.w3.org\/2000\/svg\"><path d=\"M256 8C119.043 8 8 119.083 8 256c0 136.997 111.043 248 248 248s248-111.003 248-248C504 119.083 392.957 8 256 8zm0 448c-110.532 0-200-89.431-200-200 0-110.495 89.472-200 200-200 110.491 0 200 89.471 200 200 0 110.53-89.431 200-200 200zm107.244-255.2c0 67.052-72.421 68.084-72.421 92.863V300c0 6.627-5.373 12-12 12h-45.647c-6.627 0-12-5.373-12-12v-8.659c0-35.745 27.1-50.034 47.579-61.516 17.561-9.845 28.324-16.541 28.324-29.579 0-17.246-21.999-28.693-39.784-28.693-23.189 0-33.894 10.977-48.942 29.969-4.057 5.12-11.46 6.071-16.666 2.124l-27.824-21.098c-5.107-3.872-6.251-11.066-2.644-16.363C184.846 131.491 214.94 112 261.794 112c49.071 0 101.45 38.304 101.45 88.8zM298 368c0 23.159-18.841 42-42 42s-42-18.841-42-42 18.841-42 42-42 42 18.841 42 42z\"><\/path><\/svg>\t\t\t\t\t\t<\/span>\n\t\t\t\t\t\t\t\t\t\t<span class=\"elementor-icon-list-text\">Potrzebujemy podpowiedzi, od czego zacz\u0105\u0107 <\/span>\n\t\t\t\t\t\t\t\t\t<\/li>\n\t\t\t\t\t\t\t\t<li class=\"elementor-icon-list-item\">\n\t\t\t\t\t\t\t\t\t\t\t<span class=\"elementor-icon-list-icon\">\n\t\t\t\t\t\t\t<svg aria-hidden=\"true\" class=\"e-font-icon-svg e-far-question-circle\" viewbox=\"0 0 512 512\" xmlns=\"http:\/\/www.w3.org\/2000\/svg\"><path d=\"M256 8C119.043 8 8 119.083 8 256c0 136.997 111.043 248 248 248s248-111.003 248-248C504 119.083 392.957 8 256 8zm0 448c-110.532 0-200-89.431-200-200 0-110.495 89.472-200 200-200 110.491 0 200 89.471 200 200 0 110.53-89.431 200-200 200zm107.244-255.2c0 67.052-72.421 68.084-72.421 92.863V300c0 6.627-5.373 12-12 12h-45.647c-6.627 0-12-5.373-12-12v-8.659c0-35.745 27.1-50.034 47.579-61.516 17.561-9.845 28.324-16.541 28.324-29.579 0-17.246-21.999-28.693-39.784-28.693-23.189 0-33.894 10.977-48.942 29.969-4.057 5.12-11.46 6.071-16.666 2.124l-27.824-21.098c-5.107-3.872-6.251-11.066-2.644-16.363C184.846 131.491 214.94 112 261.794 112c49.071 0 101.45 38.304 101.45 88.8zM298 368c0 23.159-18.841 42-42 42s-42-18.841-42-42 18.841-42 42-42 42 18.841 42 42z\"><\/path><\/svg>\t\t\t\t\t\t<\/span>\n\t\t\t\t\t\t\t\t\t\t<span class=\"elementor-icon-list-text\">A jak robi\u0105 to inni z naszej bran\u017cy<\/span>\n\t\t\t\t\t\t\t\t\t<\/li>\n\t\t\t\t\t\t\t\t<li class=\"elementor-icon-list-item\">\n\t\t\t\t\t\t\t\t\t\t\t<span class=\"elementor-icon-list-icon\">\n\t\t\t\t\t\t\t<svg aria-hidden=\"true\" class=\"e-font-icon-svg e-far-question-circle\" viewbox=\"0 0 512 512\" xmlns=\"http:\/\/www.w3.org\/2000\/svg\"><path d=\"M256 8C119.043 8 8 119.083 8 256c0 136.997 111.043 248 248 248s248-111.003 248-248C504 119.083 392.957 8 256 8zm0 448c-110.532 0-200-89.431-200-200 0-110.495 89.472-200 200-200 110.491 0 200 89.471 200 200 0 110.53-89.431 200-200 200zm107.244-255.2c0 67.052-72.421 68.084-72.421 92.863V300c0 6.627-5.373 12-12 12h-45.647c-6.627 0-12-5.373-12-12v-8.659c0-35.745 27.1-50.034 47.579-61.516 17.561-9.845 28.324-16.541 28.324-29.579 0-17.246-21.999-28.693-39.784-28.693-23.189 0-33.894 10.977-48.942 29.969-4.057 5.12-11.46 6.071-16.666 2.124l-27.824-21.098c-5.107-3.872-6.251-11.066-2.644-16.363C184.846 131.491 214.94 112 261.794 112c49.071 0 101.45 38.304 101.45 88.8zM298 368c0 23.159-18.841 42-42 42s-42-18.841-42-42 18.841-42 42-42 42 18.841 42 42z\"><\/path><\/svg>\t\t\t\t\t\t<\/span>\n\t\t\t\t\t\t\t\t\t\t<span class=\"elementor-icon-list-text\">Jak zrobi\u0107, \u017ceby to si\u0119 op\u0142aca\u0142o <\/span>\n\t\t\t\t\t\t\t\t\t<\/li>\n\t\t\t\t\t\t<\/ul>\n\t\t\t\t\t\t<\/div>\n\t\t\t\t<\/div>\n\t\t\t\t<\/div>\n\t\t<div class=\"elementor-element elementor-element-e827b21 e-con-full e-flex e-con e-child\" data-id=\"e827b21\" data-element_type=\"container\" data-e-type=\"container\">\n\t\t\t\t<div class=\"elementor-element elementor-element-6b37b32 dce-posts-layout-template dce-col-1 dce-col-tablet-3 dce-col-mobile-1 elementor-widget elementor-widget-dce-dynamicposts-v2\" data-id=\"6b37b32\" data-element_type=\"widget\" data-e-type=\"widget\" data-settings=\"{&quot;style_items&quot;:&quot;template&quot;,&quot;grid_grid_type&quot;:&quot;flex&quot;}\" data-widget_type=\"dce-dynamicposts-v2.grid\">\n\t\t\t\t<div class=\"elementor-widget-container\">\n\t\t\t\t\t\n\t\t<div class=\"dce-fix-background-loop dce-posts-container dce-posts dce-dynamic-posts-collection reveal-effect reveal-effect-1 dce-skin-grid dce-skin-grid-flex\">\n\t\t\t\t\t\t<div class=\"dce-posts-wrapper dce-wrapper-grid\">\n\t\t\t\n\t\t<article class=\"post-7766 zespol type-zespol status-publish format-standard has-post-thumbnail hentry dce-post dce-post-item dce-item-grid\" data-dce-post-id=\"7766\" data-dce-post-index=\"0\">\n\t\t\t<div class=\"dce-post-block\">\n\t\t<style>.elementor-7149 .elementor-element.elementor-element-135ea28{--display:flex;--flex-direction:column;--container-widget-width:100%;--container-widget-height:initial;--container-widget-flex-grow:0;--container-widget-align-self:initial;--flex-wrap-mobile:wrap;}@media(min-width:768px){.elementor-7149 .elementor-element.elementor-element-135ea28{--content-width:350px;}}<\/style>\t\t<div data-elementor-type=\"container\" data-elementor-id=\"7149\" class=\"elementor elementor-7149 dce-elementor-rendering-id-1\" data-elementor-post-type=\"elementor_library\">\n\t\t\t\t<div class=\"elementor-element elementor-element-135ea28 e-flex e-con-boxed e-con e-parent\" data-id=\"135ea28\" data-element_type=\"container\" data-e-type=\"container\">\n\t\t\t\t\t<div class=\"e-con-inner\">\n\t\t\t\t<div class=\"elementor-element elementor-element-8e9e38f elementor-widget elementor-widget-shortcode\" data-id=\"8e9e38f\" data-element_type=\"widget\" data-e-type=\"widget\" data-widget_type=\"shortcode.default\">\n\t\t\t\t\t\t\t<div class=\"elementor-shortcode\">\n                \n                    <!--begin code -->\n\n                    \n                    <div class=\"pp-multiple-authors-boxes-wrapper pp-multiple-authors-wrapper pp-multiple-authors-layout-centered multiple-authors-target-shortcode box-post-id-6718 box-instance-id-1 ppma_boxes_6718\"\n                    data-post_id=\"6718\"\n                    data-instance_id=\"1\"\n                    data-additional_class=\"pp-multiple-authors-layout-centered.multiple-authors-target-shortcode\"\n                    data-original_class=\"pp-multiple-authors-boxes-wrapper pp-multiple-authors-wrapper box-post-id-6718 box-instance-id-1\">\n                                                <span class=\"ppma-layout-prefix\"><\/span>\n                        <div class=\"ppma-author-category-wrap\">\n                                                                                                                                    <span class=\"ppma-category-group ppma-category-group-1 category-index-0\">\n                                                                                                                        <ul class=\"pp-multiple-authors-boxes-ul author-ul-0\">\n                                                                                                                                                                                                                                                                                                                                                                                                                                                                                                                                                                                                                                                                                                                                                                                                                                                                                                                                                                                                                                                                                                                                                                                            \n                                                                                                                    <li class=\"pp-multiple-authors-boxes-li author_index_0 author_wiktoria-soszka has-avatar\">\n                                                                                                                                                                                    <div class=\"pp-author-boxes-avatar\">\n                                                                    <div class=\"avatar-image\">\n                                                                                                                                            <a href=\"https:\/\/legalden.pl\/en\/author\/wiktoria-soszka\/\" class=\"author-avatar-link\">\n                                                                                                                                                                                                                    <img alt='' src='https:\/\/legalden.pl\/wp-content\/uploads\/2025\/03\/Legalden-2025-6050-scaled-e1742571936629.jpg' srcset='https:\/\/legalden.pl\/wp-content\/uploads\/2025\/03\/Legalden-2025-6050-scaled-e1742571936629.jpg' class='multiple_authors_guest_author_avatar avatar' height='400' width='400'\/>                                                                                                                                                                                                                <\/a>\n                                                                                                                                        <\/div>\n                                                                                                                                    <\/div>\n                                                            \n                                                            <div class=\"pp-author-boxes-avatar-details\">\n                                                                <div class=\"pp-author-boxes-name multiple-authors-name\"><a href=\"https:\/\/legalden.pl\/en\/author\/wiktoria-soszka\/\" rel=\"author\" title=\"Wiktoria Soszka\" class=\"author url fn\">Wiktoria Soszka<\/a><\/div>                                                                                                                                                                                                \n                                                                                                                                <span class=\"ppma-author-job_title-profile-data ppma-author-field-meta ppma-author-field-type-text\" aria-label=\"Job Title\">zr\u00f3wnowa\u017cony rozw\u00f3j | ESG | partnerstwa <\/span><a class=\"ppma-author-user_email-profile-data ppma-author-field-meta ppma-author-field-type-email\" aria-label=\"Email\" href=\"mailto:wiktoria.soszka@legalden.pl\"  target=\"_self\"><span class=\"dashicons dashicons-email-alt\"><\/span> <\/a><a class=\"ppma-author-telefon-profile-data ppma-author-field-meta ppma-author-field-type-text\" aria-label=\"Telefon\" href=\"tel:781695171\" rel=\"nofollow\" target=\"_blank\"><span class=\"dashicons dashicons-phone\"><\/span> <\/a><a class=\"ppma-author-linkedin-profile-data ppma-author-field-meta ppma-author-field-type-url\" aria-label=\"LinkedIn\" href=\"https:\/\/www.linkedin.com\/in\/wiktoriasoszka\/\" rel=\"nofollow noopener\" target=\"_blank\"><span class=\"dashicons dashicons-linkedin\"><\/span> <\/a>\n                                                                                                                            <\/div>\n                                                                                                                                                                                                                        <\/li>\n                                                                                                                                                                                                                                    <\/ul>\n                                                                            <\/span>\n                                                                                                                                                                                    <\/div>\n                        <span class=\"ppma-layout-suffix\"><\/span>\n                                            <\/div>\n                    <!--end code -->\n                    \n                \n                            \n        <\/div>\n\t\t\t\t\t\t<\/div>\n\t\t\t\t\t<\/div>\n\t\t\t\t<\/div>\n\t\t\t\t<\/div>\n\t\t\t\t\t<\/div>\n\t\t<\/article>\n\t\t\t\t\t<\/div>\n\t\t\t\t\t<\/div>\n\t\t\t\t\t\t<\/div>\n\t\t\t\t<\/div>\n\t\t\t\t<\/div>\n\t\t\t\t\t<\/div>\n\t\t\t\t<\/div>\n\t\t<div class=\"elementor-element elementor-element-bd789ba e-flex e-con-boxed e-con e-parent\" data-id=\"bd789ba\" data-element_type=\"container\" data-e-type=\"container\">\n\t\t\t\t\t<div class=\"e-con-inner\">\n\t\t\t\t<div class=\"elementor-element elementor-element-ea86a4c elementor-widget elementor-widget-heading\" data-id=\"ea86a4c\" data-element_type=\"widget\" data-e-type=\"widget\" data-widget_type=\"heading.default\">\n\t\t\t\t\t<h2 class=\"elementor-heading-title elementor-size-default\"><br>Um\u00f3w si\u0119 na spotkanie <\/h2>\t\t\t\t<\/div>\n\t\t\t\t<div class=\"elementor-element elementor-element-a5e3cc8 elementor-widget elementor-widget-text-editor\" data-id=\"a5e3cc8\" data-element_type=\"widget\" data-e-type=\"widget\" data-widget_type=\"text-editor.default\">\n\t\t\t\t\t\t\t\t\t<p>Um\u00f3w si\u0119 na bezp\u0142atn\u0105 konsultacj\u0119 z nasz\u0105 ekspertk\u0105 Wiktori\u0105 Soszk\u0105, kt\u00f3ra rozwieje Twoje w\u0105tpliwo\u015bci i podpowie, na co Twoja firma powinna zwr\u00f3ci\u0107 uwag\u0119. Spotkanie jest bezp\u0142atne.\u00a0<\/p>\t\t\t\t\t\t\t\t<\/div>\n\t\t\t\t\t<\/div>\n\t\t\t\t<\/div>\n\t\t<div class=\"elementor-element elementor-element-5ce929f e-flex e-con-boxed e-con e-parent\" data-id=\"5ce929f\" data-element_type=\"container\" data-e-type=\"container\">\n\t\t\t\t\t<div class=\"e-con-inner\">\n\t\t\t\t<div class=\"elementor-element elementor-element-31a8552 elementor-widget-tablet_extra__width-initial elementor-widget-laptop__width-initial elementor-widget elementor-widget-html\" data-id=\"31a8552\" data-element_type=\"widget\" data-e-type=\"widget\" data-widget_type=\"html.default\">\n\t\t\t\t\t<!-- Google Calendar Appointment Scheduling begin -->\n<iframe src=\"https:\/\/calendar.google.com\/calendar\/u\/0\/appointments\/schedules\/AcZssZ1ejOlutGm6cyCe10oO8gDTNVrArvVvEk3oY6FE2x3a8oOFcwGdWlSzoc8mU7_ECvFp564SwIEa?gv=true\" style=\"border: 0\" width=\"100%\" height=\"1000\" frameborder=\"0\"><\/iframe>\n<!-- end Google Calendar Appointment Scheduling -->\t\t\t\t<\/div>\n\t\t\t\t<div class=\"elementor-element elementor-element-9b89b25 elementor-widget elementor-widget-spacer\" data-id=\"9b89b25\" data-element_type=\"widget\" data-e-type=\"widget\" data-widget_type=\"spacer.default\">\n\t\t\t\t\t\t\t<div class=\"elementor-spacer\">\n\t\t\t<div class=\"elementor-spacer-inner\"><\/div>\n\t\t<\/div>\n\t\t\t\t\t\t<\/div>\n\t\t\t\t\t<\/div>\n\t\t\t\t<\/div>\n\t\t<div class=\"elementor-element elementor-element-a4301c3 e-flex e-con-boxed e-con e-parent\" data-id=\"a4301c3\" data-element_type=\"container\" data-e-type=\"container\">\n\t\t\t\t\t<div class=\"e-con-inner\">\n\t\t\t\t<div class=\"elementor-element elementor-element-bde457d elementor-widget elementor-widget-spacer\" data-id=\"bde457d\" data-element_type=\"widget\" data-e-type=\"widget\" data-widget_type=\"spacer.default\">\n\t\t\t\t\t\t\t<div class=\"elementor-spacer\">\n\t\t\t<div class=\"elementor-spacer-inner\"><\/div>\n\t\t<\/div>\n\t\t\t\t\t\t<\/div>\n\t\t\t\t\t<\/div>\n\t\t\t\t<\/div>\n\t\t\t\t<\/div>","protected":false},"excerpt":{"rendered":"<p>Zapytaj o ESG Jeste\u015b ekspertk\u0105 lub ekspertem ESG, ale martwi\u0105 Ci\u0119 przepisy prawa? A mo\u017ce Twoja firma dopiero zastanawia si\u0119 czy dotycz\u0105 jej przepisy zr\u00f3wnowa\u017conego rozwoju lub dosta\u0142a ankiet\u0119 Ecovadis? Masz pytanie? Czy musimy robi\u0107 to ca\u0142e ESG Dostali\u015bmy tak\u0105 ankiet\u0119 ale nie wiemy o co chodzi Jak zacz\u0105\u0107 wdra\u017ca\u0107 ESG bez dzia\u0142u i du\u017cych [&hellip;]<\/p>\n","protected":false},"author":5,"featured_media":0,"parent":0,"menu_order":0,"comment_status":"closed","ping_status":"closed","template":"","meta":{"_acf_changed":false,"footnotes":""},"ppma_author":[1322],"class_list":["post-11595","page","type-page","status-publish","hentry"],"acf":[],"_links":{"self":[{"href":"https:\/\/legalden.pl\/en\/wp-json\/wp\/v2\/pages\/11595","targetHints":{"allow":["GET"]}}],"collection":[{"href":"https:\/\/legalden.pl\/en\/wp-json\/wp\/v2\/pages"}],"about":[{"href":"https:\/\/legalden.pl\/en\/wp-json\/wp\/v2\/types\/page"}],"author":[{"embeddable":true,"href":"https:\/\/legalden.pl\/en\/wp-json\/wp\/v2\/users\/5"}],"replies":[{"embeddable":true,"href":"https:\/\/legalden.pl\/en\/wp-json\/wp\/v2\/comments?post=11595"}],"version-history":[{"count":83,"href":"https:\/\/legalden.pl\/en\/wp-json\/wp\/v2\/pages\/11595\/revisions"}],"predecessor-version":[{"id":11685,"href":"https:\/\/legalden.pl\/en\/wp-json\/wp\/v2\/pages\/11595\/revisions\/11685"}],"wp:attachment":[{"href":"https:\/\/legalden.pl\/en\/wp-json\/wp\/v2\/media?parent=11595"}],"wp:term":[{"taxonomy":"author","embeddable":true,"href":"https:\/\/legalden.pl\/en\/wp-json\/wp\/v2\/ppma_author?post=11595"}],"curies":[{"name":"wp","href":"https:\/\/api.w.org\/{rel}","templated":true}]}}