{"id":4326,"date":"2023-03-24T12:14:10","date_gmt":"2023-03-24T11:14:10","guid":{"rendered":"https:\/\/legalden.pl\/backup2\/?page_id=4326"},"modified":"2025-04-03T10:33:12","modified_gmt":"2025-04-03T08:33:12","slug":"obsluga-prawna-fundacji","status":"publish","type":"page","link":"https:\/\/legalden.pl\/en\/ngo\/obsluga-prawna-fundacji\/","title":{"rendered":"Obs\u0142uga prawna fundacji"},"content":{"rendered":"\t\t<div data-elementor-type=\"wp-page\" data-elementor-id=\"4326\" class=\"elementor elementor-4326\" data-elementor-post-type=\"page\">\n\t\t\t\t<div class=\"elementor-element elementor-element-11c12b1 e-flex e-con-boxed e-con e-parent\" data-id=\"11c12b1\" data-element_type=\"container\" data-e-type=\"container\" data-settings=\"{&quot;background_background&quot;:&quot;classic&quot;}\">\n\t\t\t\t\t<div class=\"e-con-inner\">\n\t\t<div data-dce-background-image-url=\"https:\/\/legalden.pl\/wp-content\/uploads\/2024\/07\/ObslugaNGO.jpg\" class=\"elementor-element elementor-element-b74842a e-con-full e-flex e-con e-child\" data-id=\"b74842a\" data-element_type=\"container\" data-e-type=\"container\" data-settings=\"{&quot;background_background&quot;:&quot;classic&quot;}\">\n\t\t<div class=\"elementor-element elementor-element-e6297e8 e-con-full e-flex e-con e-child\" data-id=\"e6297e8\" data-element_type=\"container\" data-e-type=\"container\" data-settings=\"{&quot;background_background&quot;:&quot;classic&quot;}\">\n\t\t\t\t<div class=\"elementor-element elementor-element-1152e68 elementor-widget elementor-widget-heading\" data-id=\"1152e68\" data-element_type=\"widget\" data-e-type=\"widget\" data-widget_type=\"heading.default\">\n\t\t\t\t\t<h1 class=\"elementor-heading-title elementor-size-default\">Obs\u0142uga prawna NGO<\/h1>\t\t\t\t<\/div>\n\t\t\t\t<div class=\"elementor-element elementor-element-6c55a73 elementor-widget elementor-widget-heading\" data-id=\"6c55a73\" data-element_type=\"widget\" data-e-type=\"widget\" data-widget_type=\"heading.default\">\n\t\t\t\t\t<div class=\"elementor-heading-title elementor-size-default\"><span style=\"font-size: 18px;text-align: center\">Prawo dla organizacji pozarz\u0105dowych jest tak samo trudne jak to, kt\u00f3re maj\u0105 firmy. Pomagamy przej\u015b\u0107 przez ten g\u0105szcz przepis\u00f3w. Dzi\u0119ki temu mo\u017cesz skupi\u0107 si\u0119 na dzia\u0142aniach Twojej organizacji.<\/span><\/div>\t\t\t\t<\/div>\n\t\t\t\t<\/div>\n\t\t\t\t<\/div>\n\t\t\t\t\t<\/div>\n\t\t\t\t<\/div>\n\t\t<div class=\"elementor-element elementor-element-c5d5af7 e-flex e-con-boxed e-con e-parent\" data-id=\"c5d5af7\" data-element_type=\"container\" data-e-type=\"container\" data-settings=\"{&quot;background_background&quot;:&quot;classic&quot;}\">\n\t\t\t\t\t<div class=\"e-con-inner\">\n\t\t<div class=\"elementor-element elementor-element-357c5ce e-flex e-con-boxed e-con e-child\" data-id=\"357c5ce\" data-element_type=\"container\" data-e-type=\"container\">\n\t\t\t\t\t<div class=\"e-con-inner\">\n\t\t\t\t<div class=\"elementor-element elementor-element-e0b9b62 elementor-widget__width-inherit elementor-widget elementor-widget-text-editor\" data-id=\"e0b9b62\" data-element_type=\"widget\" data-e-type=\"widget\" data-widget_type=\"text-editor.default\">\n\t\t\t\t\t\t\t\t\t<p><span style=\"font-weight: 400;\">Twoja organizacja zmieni\u0142a adres? A mo\u017ce zmieni\u0142 si\u0119 sk\u0142ad zarz\u0105du? Ka\u017cd\u0105 tak\u0105 zmian\u0119 musisz wys\u0142a\u0107 do Krajowego Rejestru S\u0105dowego (KRS). To nie tylko dokumenty (uchwa\u0142y i o\u015bwiadczenia), ale te\u017c formularze i wnioski w samym KRS.<\/span><\/p><p><span style=\"font-weight: 400;\">Je\u015bli prowadzisz organizacj\u0119 pozarz\u0105dow\u0105 musisz zadba\u0107 o osoby, kt\u00f3re pracuj\u0105 razem z Tob\u0105. Jednym z najwa\u017cniejszych zada\u0144 jest zarz\u0105dzanie danymi osobowymi np. cz\u0142onk\u00f3w zarz\u0105du, podopiecznych, darczy\u0144c\u00f3w, wolontariuszy czy wsp\u00f3\u0142pracownik\u00f3w. Bardzo wa\u017cni w Twojej pracy s\u0105 tak\u017ce wolontariusze i dlatego musisz przygotowa\u0107 mi\u0119dzy innymi regulamin wolontariatu czy porozumienia wolontariackie. To wszystko to jedne z podstawowych obowi\u0105zk\u00f3w organizacji pozarz\u0105dowych.\u00a0<\/span><\/p><p><span style=\"font-weight: 400;\">A to niestety dopiero pocz\u0105tek.\u00a0<\/span><span style=\"text-align: var(--text-align); background-color: var( --e-global-color-4f62576f ); font-family: var( --e-global-typography-text-font-family ), Sans-serif; font-size: var( --e-global-typography-text-font-size );\">Je\u015bli prowadzisz organizacj\u0119 pozarz\u0105dow\u0105 &#8211; spotkasz si\u0119 ze skomplikowanymi problemami prawnymi, finansowymi i rachunkowymi. Podzielimy si\u0119 z Tob\u0105 naszym do\u015bwiadczeniem.<\/span><\/p>\t\t\t\t\t\t\t\t<\/div>\n\t\t<div class=\"elementor-element elementor-element-02d335a e-con-full e-flex e-con e-child\" data-id=\"02d335a\" data-element_type=\"container\" data-e-type=\"container\" data-settings=\"{&quot;background_background&quot;:&quot;classic&quot;}\">\n\t\t\t\t<div class=\"elementor-element elementor-element-f0043c6 elementor-icon-list--layout-traditional elementor-list-item-link-full_width elementor-widget elementor-widget-icon-list\" data-id=\"f0043c6\" data-element_type=\"widget\" data-e-type=\"widget\" data-widget_type=\"icon-list.default\">\n\t\t\t\t\t\t\t<ul class=\"elementor-icon-list-items\">\n\t\t\t\t\t\t\t<li class=\"elementor-icon-list-item\">\n\t\t\t\t\t\t\t\t\t\t\t<span class=\"elementor-icon-list-icon\">\n\t\t\t\t\t\t\t<svg xmlns=\"http:\/\/www.w3.org\/2000\/svg\" height=\"48\" width=\"48\"><path d=\"M10 38V26h3v9h9v3Zm25-16v-9h-9v-3h12v12Z\"><\/path><\/svg>\t\t\t\t\t\t<\/span>\n\t\t\t\t\t\t\t\t\t\t<span class=\"elementor-icon-list-text\">Pomo\u017cemy Ci za\u0142o\u017cy\u0107 fundacj\u0119<\/span>\n\t\t\t\t\t\t\t\t\t<\/li>\n\t\t\t\t\t\t\t\t<li class=\"elementor-icon-list-item\">\n\t\t\t\t\t\t\t\t\t\t\t<span class=\"elementor-icon-list-icon\">\n\t\t\t\t\t\t\t<svg xmlns=\"http:\/\/www.w3.org\/2000\/svg\" height=\"48\" width=\"48\"><path d=\"M10 38V26h3v9h9v3Zm25-16v-9h-9v-3h12v12Z\"><\/path><\/svg>\t\t\t\t\t\t<\/span>\n\t\t\t\t\t\t\t\t\t\t<span class=\"elementor-icon-list-text\">Przygotujemy umowy, regulaminy i inne dokumenty pomagaj\u0105ce Ci prowadzi\u0107 fundacj\u0119<\/span>\n\t\t\t\t\t\t\t\t\t<\/li>\n\t\t\t\t\t\t\t\t<li class=\"elementor-icon-list-item\">\n\t\t\t\t\t\t\t\t\t\t\t<span class=\"elementor-icon-list-icon\">\n\t\t\t\t\t\t\t<svg xmlns=\"http:\/\/www.w3.org\/2000\/svg\" height=\"48\" width=\"48\"><path d=\"M10 38V26h3v9h9v3Zm25-16v-9h-9v-3h12v12Z\"><\/path><\/svg>\t\t\t\t\t\t<\/span>\n\t\t\t\t\t\t\t\t\t\t<span class=\"elementor-icon-list-text\">Doradzimy w zakresie prawa pracy<\/span>\n\t\t\t\t\t\t\t\t\t<\/li>\n\t\t\t\t\t\t\t\t<li class=\"elementor-icon-list-item\">\n\t\t\t\t\t\t\t\t\t\t\t<span class=\"elementor-icon-list-icon\">\n\t\t\t\t\t\t\t<svg xmlns=\"http:\/\/www.w3.org\/2000\/svg\" height=\"48\" width=\"48\"><path d=\"M10 38V26h3v9h9v3Zm25-16v-9h-9v-3h12v12Z\"><\/path><\/svg>\t\t\t\t\t\t<\/span>\n\t\t\t\t\t\t\t\t\t\t<span class=\"elementor-icon-list-text\">Przygotujemy pe\u0142n\u0105 dokumentacj\u0119 ochrony danych osobowych (RODO)<\/span>\n\t\t\t\t\t\t\t\t\t<\/li>\n\t\t\t\t\t\t\t\t<li class=\"elementor-icon-list-item\">\n\t\t\t\t\t\t\t\t\t\t\t<span class=\"elementor-icon-list-icon\">\n\t\t\t\t\t\t\t<svg xmlns=\"http:\/\/www.w3.org\/2000\/svg\" height=\"48\" width=\"48\"><path d=\"M10 38V26h3v9h9v3Zm25-16v-9h-9v-3h12v12Z\"><\/path><\/svg>\t\t\t\t\t\t<\/span>\n\t\t\t\t\t\t\t\t\t\t<span class=\"elementor-icon-list-text\">Przygotujemy uchwa\u0142y oraz pomo\u017cemy zmieni\u0107 dane w KRS<\/span>\n\t\t\t\t\t\t\t\t\t<\/li>\n\t\t\t\t\t\t\t\t<li class=\"elementor-icon-list-item\">\n\t\t\t\t\t\t\t\t\t\t\t<span class=\"elementor-icon-list-icon\">\n\t\t\t\t\t\t\t<svg xmlns=\"http:\/\/www.w3.org\/2000\/svg\" height=\"48\" width=\"48\"><path d=\"M10 38V26h3v9h9v3Zm25-16v-9h-9v-3h12v12Z\"><\/path><\/svg>\t\t\t\t\t\t<\/span>\n\t\t\t\t\t\t\t\t\t\t<span class=\"elementor-icon-list-text\">Odpowiemy na Twoje pytania na temat prawa w codziennym funkcjonowaniu organizacji <\/span>\n\t\t\t\t\t\t\t\t\t<\/li>\n\t\t\t\t\t\t\t\t<li class=\"elementor-icon-list-item\">\n\t\t\t\t\t\t\t\t\t\t\t<span class=\"elementor-icon-list-icon\">\n\t\t\t\t\t\t\t<svg xmlns=\"http:\/\/www.w3.org\/2000\/svg\" height=\"48\" width=\"48\"><path d=\"M10 38V26h3v9h9v3Zm25-16v-9h-9v-3h12v12Z\"><\/path><\/svg>\t\t\t\t\t\t<\/span>\n\t\t\t\t\t\t\t\t\t\t<span class=\"elementor-icon-list-text\">B\u0119dziemy reprezentowa\u0107 Ci\u0119 przed s\u0105dem i urz\u0119dami, je\u015bli b\u0119dziesz tego potrzebowa\u0107<\/span>\n\t\t\t\t\t\t\t\t\t<\/li>\n\t\t\t\t\t\t\t\t<li class=\"elementor-icon-list-item\">\n\t\t\t\t\t\t\t\t\t\t\t<span class=\"elementor-icon-list-icon\">\n\t\t\t\t\t\t\t<svg xmlns=\"http:\/\/www.w3.org\/2000\/svg\" height=\"48\" width=\"48\"><path d=\"M10 38V26h3v9h9v3Zm25-16v-9h-9v-3h12v12Z\"><\/path><\/svg>\t\t\t\t\t\t<\/span>\n\t\t\t\t\t\t\t\t\t\t<span class=\"elementor-icon-list-text\"><p style=\"margin-right: 0px;margin-bottom: 0px;margin-left: 0px;line-height: normal\"><span style=\"background-color: transparent;font-size: inherit;text-align: var(--text-align)\"><\/span>W razie potrzeby przeprowadzimy likwidacj\u0119 organizacji<\/p><\/span>\n\t\t\t\t\t\t\t\t\t<\/li>\n\t\t\t\t\t\t<\/ul>\n\t\t\t\t\t\t<\/div>\n\t\t\t\t<\/div>\n\t\t\t\t\t<\/div>\n\t\t\t\t<\/div>\n\t\t\t\t\t<\/div>\n\t\t\t\t<\/div>\n\t\t<div class=\"elementor-element elementor-element-caa8a6c e-flex e-con-boxed e-con e-parent\" data-id=\"caa8a6c\" data-element_type=\"container\" data-e-type=\"container\">\n\t\t\t\t\t<div class=\"e-con-inner\">\n\t\t\t\t<div class=\"elementor-element elementor-element-ac16d59 elementor-widget elementor-widget-heading\" data-id=\"ac16d59\" data-element_type=\"widget\" data-e-type=\"widget\" data-widget_type=\"heading.default\">\n\t\t\t\t\t<h2 class=\"elementor-heading-title elementor-size-default\">Chcesz z nami wsp\u00f3\u0142pracowa\u0107? <\/h2>\t\t\t\t<\/div>\n\t\t\t\t\t<\/div>\n\t\t\t\t<\/div>\n\t\t<div class=\"elementor-element elementor-element-e5ddfb0 e-flex e-con-boxed e-con e-parent\" data-id=\"e5ddfb0\" data-element_type=\"container\" data-e-type=\"container\">\n\t\t\t\t\t<div class=\"e-con-inner\">\n\t\t\t\t<div class=\"elementor-element elementor-element-f593a37 elementor-widget elementor-widget-heading\" data-id=\"f593a37\" data-element_type=\"widget\" data-e-type=\"widget\" data-widget_type=\"heading.default\">\n\t\t\t\t\t<h4 class=\"elementor-heading-title elementor-size-default\">Zostaw nam dane - odezwiemy si\u0119 w ci\u0105gu 24 godzin <\/h4>\t\t\t\t<\/div>\n\t\t\t\t\t<\/div>\n\t\t\t\t<\/div>\n\t\t<div class=\"elementor-element elementor-element-9234921 e-flex e-con-boxed e-con e-parent\" data-id=\"9234921\" data-element_type=\"container\" data-e-type=\"container\">\n\t\t\t\t\t<div class=\"e-con-inner\">\n\t\t\t\t<div class=\"elementor-element elementor-element-7621a7c elementor-widget elementor-widget-template\" data-id=\"7621a7c\" data-element_type=\"widget\" data-e-type=\"widget\" data-widget_type=\"template.default\">\n\t\t\t\t<div class=\"elementor-widget-container\">\n\t\t\t\t\t\t\t<div class=\"elementor-template\">\n\t\t\t\t\t<div data-elementor-type=\"container\" data-elementor-id=\"9197\" class=\"elementor elementor-9197\" data-elementor-post-type=\"elementor_library\">\n\t\t\t\t<div class=\"elementor-element elementor-element-5eee31b8 e-flex e-con-boxed e-con e-parent\" data-id=\"5eee31b8\" data-element_type=\"container\" data-e-type=\"container\">\n\t\t\t\t\t<div class=\"e-con-inner\">\n\t\t\t\t<div class=\"elementor-element elementor-element-6d3cce7c elementor-button-align-end elementor-widget elementor-widget-form\" data-id=\"6d3cce7c\" data-element_type=\"widget\" data-e-type=\"widget\" data-settings=\"{&quot;step_type&quot;:&quot;none&quot;,&quot;step_icon_shape&quot;:&quot;none&quot;,&quot;button_width&quot;:&quot;100&quot;,&quot;label_icon_size&quot;:{&quot;unit&quot;:&quot;px&quot;,&quot;size&quot;:&quot;&quot;,&quot;sizes&quot;:[]},&quot;field_icon_size&quot;:{&quot;unit&quot;:&quot;px&quot;,&quot;size&quot;:&quot;&quot;,&quot;sizes&quot;:[]}}\" data-widget_type=\"form.default\">\n\t\t\t\t\t\t\t<form class=\"elementor-form\" method=\"post\" id=\"form_obsluga_prawna\" name=\"Obs\u0142uga prawna fundacji \" aria-label=\"Obs\u0142uga prawna fundacji \">\n\t\t\t<input type=\"hidden\" name=\"post_id\" value=\"9197\"\/>\n\t\t\t<input type=\"hidden\" name=\"form_id\" value=\"6d3cce7c\"\/>\n\t\t\t<input type=\"hidden\" name=\"referer_title\" value=\"AI i ochrona danych osobowych [case study] - Legalden - KANCELARIA ADWOKACKA\" \/>\n\n\t\t\t\t\t\t\t<input type=\"hidden\" name=\"queried_id\" value=\"10620\"\/>\n\t\t\t\n\t\t\t<div class=\"elementor-form-fields-wrapper elementor-labels-above\">\n\t\t\t\t\t\t\t\t<div class=\"elementor-field-type-text elementor-field-group elementor-column elementor-field-group-imie elementor-col-50 elementor-field-required elementor-mark-required\">\n\t\t\t\t\t\t\t\t\t\t\t\t<label for=\"form-field-imie\" class=\"elementor-field-label\">\n\t\t\t\t\t\t\t\tImi\u0119\t\t\t\t\t\t\t<\/label>\n\t\t\t\t\t\t\t\t\t\t\t\t\t\t<input size=\"1\" type=\"text\" name=\"form_fields[imie]\" id=\"form-field-imie\" class=\"elementor-field elementor-size-md  elementor-field-textual\" placeholder=\"Imi\u0119\" required=\"required\">\n\t\t\t\t\t\t\t\t\t\t\t<\/div>\n\t\t\t\t\t\t\t\t<div class=\"elementor-field-type-text elementor-field-group elementor-column elementor-field-group-nazwisko elementor-col-50\">\n\t\t\t\t\t\t\t\t\t\t\t\t<label for=\"form-field-nazwisko\" class=\"elementor-field-label\">\n\t\t\t\t\t\t\t\tNazwisko\t\t\t\t\t\t\t<\/label>\n\t\t\t\t\t\t\t\t\t\t\t\t\t\t<input size=\"1\" type=\"text\" name=\"form_fields[nazwisko]\" id=\"form-field-nazwisko\" class=\"elementor-field elementor-size-md  elementor-field-textual\" placeholder=\"Nazwisko\">\n\t\t\t\t\t\t\t\t\t\t\t<\/div>\n\t\t\t\t\t\t\t\t<div class=\"elementor-field-type-email elementor-field-group elementor-column elementor-field-group-email elementor-col-50 elementor-field-required elementor-mark-required\">\n\t\t\t\t\t\t\t\t\t\t\t\t<label for=\"form-field-email\" class=\"elementor-field-label\">\n\t\t\t\t\t\t\t\tEmail\t\t\t\t\t\t\t<\/label>\n\t\t\t\t\t\t\t\t\t\t\t\t\t\t<input size=\"1\" type=\"email\" name=\"form_fields[email]\" id=\"form-field-email\" class=\"elementor-field elementor-size-md  elementor-field-textual\" placeholder=\"Email\" required=\"required\">\n\t\t\t\t\t\t\t\t\t\t\t<\/div>\n\t\t\t\t\t\t\t\t<div class=\"elementor-field-type-number elementor-field-group elementor-column elementor-field-group-telefon elementor-col-50\">\n\t\t\t\t\t\t\t\t\t\t\t\t<label for=\"form-field-telefon\" class=\"elementor-field-label\">\n\t\t\t\t\t\t\t\tTelefon\t\t\t\t\t\t\t<\/label>\n\t\t\t\t\t\t\t\t\t<input type=\"number\" name=\"form_fields[telefon]\" id=\"form-field-telefon\" class=\"elementor-field elementor-size-md  elementor-field-textual\" placeholder=\"Telefon\" min=\"\" max=\"\" >\n\t\t\t\t\t\t<\/div>\n\t\t\t\t\t\t\t\t<div class=\"elementor-field-type-textarea elementor-field-group elementor-column elementor-field-group-wiadomosc elementor-col-100\">\n\t\t\t\t\t\t\t\t\t\t\t\t<label for=\"form-field-wiadomosc\" class=\"elementor-field-label\">\n\t\t\t\t\t\t\t\tWiadomo\u015b\u0107\t\t\t\t\t\t\t<\/label>\n\t\t\t\t\t\t<textarea class=\"elementor-field-textual elementor-field  elementor-size-md\" name=\"form_fields[wiadomosc]\" id=\"form-field-wiadomosc\" rows=\"4\" placeholder=\"Wiadomo\u015b\u0107\"><\/textarea>\t\t\t\t<\/div>\n\t\t\t\t\t\t\t\t<div class=\"elementor-field-type-html elementor-field-group elementor-column elementor-field-group-zgoda_klauzula elementor-col-100\">\n\t\t\t\t\t<a href=\"https:\/\/legalden.pl\/wp-content\/uploads\/2024\/10\/KLAUZULA-INFORMACYJNA_Kancelaria-Adwokacka-Legalden-2024-1.pdf\" target=\"_blank\">Klauzula informacyjna<\/a>\t\t\t\t<\/div>\n\t\t\t\t\t\t\t\t<div class=\"elementor-field-group elementor-column elementor-field-type-submit elementor-col-100 e-form__buttons\">\n\t\t\t\t\t<button class=\"elementor-button elementor-size-md\" type=\"submit\" id=\"form_prawo_przyjazne_pracy_wyslij\">\n\t\t\t\t\t\t<span class=\"elementor-button-content-wrapper\">\n\t\t\t\t\t\t\t\t\t\t\t\t\t\t\t\t\t\t\t\t\t\t<span class=\"elementor-button-text\">Wy\u015blij<\/span>\n\t\t\t\t\t\t\t\t\t\t\t\t\t<\/span>\n\t\t\t\t\t<\/button>\n\t\t\t\t<\/div>\n\t\t\t<\/div>\n\t\t<\/form>\n\t\t\t\t\t\t<\/div>\n\t\t\t\t\t<\/div>\n\t\t\t\t<\/div>\n\t\t\t\t<\/div>\n\t\t\t\t<\/div>\n\t\t\t\t\t\t<\/div>\n\t\t\t\t<\/div>\n\t\t\t\t\t<\/div>\n\t\t\t\t<\/div>\n\t\t\t\t<\/div>\n\t\t","protected":false},"excerpt":{"rendered":"<p>Obs\u0142uga prawna NGO Prawo dla organizacji pozarz\u0105dowych jest tak samo trudne jak to, kt\u00f3re maj\u0105 firmy. Pomagamy przej\u015b\u0107 przez ten g\u0105szcz przepis\u00f3w. Dzi\u0119ki temu mo\u017cesz skupi\u0107 si\u0119 na dzia\u0142aniach Twojej organizacji. Twoja organizacja zmieni\u0142a adres? A mo\u017ce zmieni\u0142 si\u0119 sk\u0142ad zarz\u0105du? Ka\u017cd\u0105 tak\u0105 zmian\u0119 musisz wys\u0142a\u0107 do Krajowego Rejestru S\u0105dowego (KRS). To nie tylko dokumenty [&hellip;]<\/p>\n","protected":false},"author":17,"featured_media":0,"parent":1731,"menu_order":2,"comment_status":"closed","ping_status":"closed","template":"","meta":{"_acf_changed":false,"footnotes":""},"ppma_author":[1363],"class_list":["post-4326","page","type-page","status-publish","hentry"],"acf":[],"_links":{"self":[{"href":"https:\/\/legalden.pl\/en\/wp-json\/wp\/v2\/pages\/4326","targetHints":{"allow":["GET"]}}],"collection":[{"href":"https:\/\/legalden.pl\/en\/wp-json\/wp\/v2\/pages"}],"about":[{"href":"https:\/\/legalden.pl\/en\/wp-json\/wp\/v2\/types\/page"}],"author":[{"embeddable":true,"href":"https:\/\/legalden.pl\/en\/wp-json\/wp\/v2\/users\/17"}],"replies":[{"embeddable":true,"href":"https:\/\/legalden.pl\/en\/wp-json\/wp\/v2\/comments?post=4326"}],"version-history":[{"count":0,"href":"https:\/\/legalden.pl\/en\/wp-json\/wp\/v2\/pages\/4326\/revisions"}],"up":[{"embeddable":true,"href":"https:\/\/legalden.pl\/en\/wp-json\/wp\/v2\/pages\/1731"}],"wp:attachment":[{"href":"https:\/\/legalden.pl\/en\/wp-json\/wp\/v2\/media?parent=4326"}],"wp:term":[{"taxonomy":"author","embeddable":true,"href":"https:\/\/legalden.pl\/en\/wp-json\/wp\/v2\/ppma_author?post=4326"}],"curies":[{"name":"wp","href":"https:\/\/api.w.org\/{rel}","templated":true}]}}