{"id":4489,"date":"2023-03-25T23:06:47","date_gmt":"2023-03-25T22:06:47","guid":{"rendered":"https:\/\/legalden.pl\/backup2\/?page_id=4489"},"modified":"2024-06-17T05:35:38","modified_gmt":"2024-06-17T03:35:38","slug":"fundacja-lawforgood","status":"publish","type":"page","link":"https:\/\/legalden.pl\/en\/blog\/fundacja-lawforgood\/","title":{"rendered":"Fundacja LawForGood"},"content":{"rendered":"<div data-elementor-type=\"wp-page\" data-elementor-id=\"4489\" class=\"elementor elementor-4489\" data-elementor-post-type=\"page\">\n\t\t\t\t<div class=\"elementor-element elementor-element-b2bd63c e-flex e-con-boxed e-con e-parent\" data-id=\"b2bd63c\" data-element_type=\"container\" data-e-type=\"container\" data-settings=\"{&quot;background_background&quot;:&quot;classic&quot;}\">\n\t\t\t\t\t<div class=\"e-con-inner\">\n\t\t<div data-dce-background-image-url=\"https:\/\/legalden.pl\/wp-content\/uploads\/2024\/06\/lawforgood_cover.jpg\" class=\"elementor-element elementor-element-0d4a3a8 e-con-full e-flex e-con e-child\" data-id=\"0d4a3a8\" data-element_type=\"container\" data-e-type=\"container\" data-settings=\"{&quot;background_background&quot;:&quot;classic&quot;}\">\n\t\t<div class=\"elementor-element elementor-element-3edbfd0 e-con-full e-flex e-con e-child\" data-id=\"3edbfd0\" data-element_type=\"container\" data-e-type=\"container\" data-settings=\"{&quot;background_background&quot;:&quot;classic&quot;}\">\n\t\t<div data-dce-background-overlay-image-url=\"https:\/\/legalden.pl\/wp-content\/uploads\/2024\/06\/lawforgood.jpg\" class=\"elementor-element elementor-element-89557e3 e-con-full e-flex e-con e-child\" data-id=\"89557e3\" data-element_type=\"container\" data-e-type=\"container\">\n\t\t\t\t<\/div>\n\t\t<div class=\"elementor-element elementor-element-a99db27 e-con-full e-flex e-con e-child\" data-id=\"a99db27\" data-element_type=\"container\" data-e-type=\"container\">\n\t\t\t\t<div class=\"elementor-element elementor-element-0bcd147 elementor-widget elementor-widget-heading\" data-id=\"0bcd147\" data-element_type=\"widget\" data-e-type=\"widget\" data-widget_type=\"heading.default\">\n\t\t\t\t\t<h1 class=\"elementor-heading-title elementor-size-default\">LawForGood<\/h1>\t\t\t\t<\/div>\n\t\t\t\t<div class=\"elementor-element elementor-element-26b25e2 elementor-widget elementor-widget-heading\" data-id=\"26b25e2\" data-element_type=\"widget\" data-e-type=\"widget\" data-widget_type=\"heading.default\">\n\t\t\t\t\t<div class=\"elementor-heading-title elementor-size-default\">Fundacja LawForGood zajmuje si\u0119 wsparciem i rozwojem organizacji pozarz\u0105dowych, startup\u00f3w pozytywnego wp\u0142ywu oraz dzieci, m\u0142odzie\u017cy i doros\u0142ych w zakresie dobrego rozumienia prawa i praktycznego stosowania go w \u017cyciu codziennym. <\/div>\t\t\t\t<\/div>\n\t\t\t\t<\/div>\n\t\t\t\t<\/div>\n\t\t\t\t<\/div>\n\t\t\t\t\t<\/div>\n\t\t\t\t<\/div>\n\t\t<div class=\"elementor-element elementor-element-595bbcc e-flex e-con-boxed e-con e-parent\" data-id=\"595bbcc\" data-element_type=\"container\" data-e-type=\"container\" data-settings=\"{&quot;background_background&quot;:&quot;classic&quot;}\">\n\t\t\t\t\t<div class=\"e-con-inner\">\n\t\t<div class=\"elementor-element elementor-element-2e1f542 e-flex e-con-boxed e-con e-child\" data-id=\"2e1f542\" data-element_type=\"container\" data-e-type=\"container\">\n\t\t\t\t\t<div class=\"e-con-inner\">\n\t\t\t\t<div class=\"elementor-element elementor-element-9b5b19d elementor-widget__width-inherit elementor-widget elementor-widget-text-editor\" data-id=\"9b5b19d\" data-element_type=\"widget\" data-e-type=\"widget\" data-widget_type=\"text-editor.default\">\n\t\t\t\t\t\t\t\t\t<p>Fundacja LawForGood zajmuje si\u0119 wsparciem i rozwojem organizacji pozarz\u0105dowych, startup\u00f3w pozytywnego wp\u0142ywu oraz dzieci, m\u0142odzie\u017cy i doros\u0142ych w zakresie dobrego rozumienia prawa i praktycznego stosowania go w \u017cyciu codziennym. Za\u0142o\u017cyli\u015bmy nasz\u0105 w\u0142asn\u0105 fundacj\u0119, bo tak jak nasi klienci, r\u00f3wnie\u017c sami chcemy zrobi\u0107 co\u015b dobrego dla \u015bwiata &#8211; Fundacja jest idealnym rozwi\u0105zaniem i sposobem zrealizowania naszej misji.<\/p><p>LawForGood to Fundacja, kt\u00f3rej celem jest wsparcie organizacji pozarz\u0105dowych i startup\u00f3w pozytywnego wp\u0142ywu, a tak\u017ce edukacja w zakresie prawa polskiego i mi\u0119dzynarodowego.\u00a0<\/p><p><span style=\"font-weight: 400;\">Naszym priorytetem jest poprawa jako\u015bci \u017cycia spo\u0142ecze\u0144stwa, poniewa\u017c w du\u017cej mierze zale\u017cy ona od rozumienia zasad i prawa miejsca, w kt\u00f3rym ono funkcjonuje.<\/span><\/p><p>Je\u015bli jeste\u015b osob\u0105 z pasj\u0105 (a wierzymy \u017ce tak jest!), kt\u00f3rej zale\u017cy na pozytywnym wp\u0142ywie na \u015bwiat, to w\u0142a\u015bnie znalaz\u0142e\u015b odpowiednie miejsce. Pomo\u017cemy Ci aby\u015b dobrze zrozumia\u0142 przepisy prawne oraz granice w jakich mo\u017cesz realizowa\u0107 sw\u00f3j w\u0142asny plan zmieniania \u015bwiata na lepsze.<\/p><p>Nasza Fundacja pomo\u017ce Ci w zrozumieniu przepis\u00f3w prawa. Z nasz\u0105 pomoc\u0105 unikniesz niepotrzebnych k\u0142opot\u00f3w i konflikt\u00f3w prawnych i b\u0119dziesz m\u00f3g\u0142 skupi\u0107 si\u0119 na tym, co robisz najlepiej.<\/p><p>odatkowo, poprzez wspieranie naszych projekt\u00f3w i dzia\u0142a\u0144, masz okazj\u0119 zaanga\u017cowa\u0107 si\u0119 w spo\u0142eczno\u015b\u0107 i wp\u0142ywa\u0107 na rzeczywisto\u015b\u0107 wok\u00f3\u0142 nas. Oznacza to, \u017ce podczas prowadzenia dzia\u0142alno\u015bci lub pracy mo\u017cesz po prostu zrobi\u0107 co\u015b dobrego.<\/p><p>Je\u017celi masz pomys\u0142 jak zmieni\u0107 \u015bwiat na lepsze napisz do nas, a wsp\u00f3lnie na pewno nam si\u0119 uda!<\/p>\t\t\t\t\t\t\t\t<\/div>\n\t\t\t\t\t<\/div>\n\t\t\t\t<\/div>\n\t\t\t\t\t<\/div>\n\t\t\t\t<\/div>\n\t\t\t\t<\/div>","protected":false},"excerpt":{"rendered":"<p>LawForGood Fundacja LawForGood zajmuje si\u0119 wsparciem i rozwojem organizacji pozarz\u0105dowych, startup\u00f3w pozytywnego wp\u0142ywu oraz dzieci, m\u0142odzie\u017cy i doros\u0142ych w zakresie dobrego rozumienia prawa i praktycznego stosowania go w \u017cyciu codziennym. Fundacja LawForGood zajmuje si\u0119 wsparciem i rozwojem organizacji pozarz\u0105dowych, startup\u00f3w pozytywnego wp\u0142ywu oraz dzieci, m\u0142odzie\u017cy i doros\u0142ych w zakresie dobrego rozumienia prawa i praktycznego stosowania [&hellip;]<\/p>\n","protected":false},"author":17,"featured_media":0,"parent":1291,"menu_order":3,"comment_status":"closed","ping_status":"closed","template":"","meta":{"_acf_changed":false,"footnotes":""},"ppma_author":[1363],"class_list":["post-4489","page","type-page","status-publish","hentry"],"acf":[],"_links":{"self":[{"href":"https:\/\/legalden.pl\/en\/wp-json\/wp\/v2\/pages\/4489","targetHints":{"allow":["GET"]}}],"collection":[{"href":"https:\/\/legalden.pl\/en\/wp-json\/wp\/v2\/pages"}],"about":[{"href":"https:\/\/legalden.pl\/en\/wp-json\/wp\/v2\/types\/page"}],"author":[{"embeddable":true,"href":"https:\/\/legalden.pl\/en\/wp-json\/wp\/v2\/users\/17"}],"replies":[{"embeddable":true,"href":"https:\/\/legalden.pl\/en\/wp-json\/wp\/v2\/comments?post=4489"}],"version-history":[{"count":0,"href":"https:\/\/legalden.pl\/en\/wp-json\/wp\/v2\/pages\/4489\/revisions"}],"up":[{"embeddable":true,"href":"https:\/\/legalden.pl\/en\/wp-json\/wp\/v2\/pages\/1291"}],"wp:attachment":[{"href":"https:\/\/legalden.pl\/en\/wp-json\/wp\/v2\/media?parent=4489"}],"wp:term":[{"taxonomy":"author","embeddable":true,"href":"https:\/\/legalden.pl\/en\/wp-json\/wp\/v2\/ppma_author?post=4489"}],"curies":[{"name":"wp","href":"https:\/\/api.w.org\/{rel}","templated":true}]}}