{"id":8418,"date":"2024-09-30T22:14:08","date_gmt":"2024-09-30T20:14:08","guid":{"rendered":"https:\/\/legalden.pl\/?page_id=8418"},"modified":"2025-08-19T17:03:18","modified_gmt":"2025-08-19T15:03:18","slug":"zakladanie-fundacji-rodzinnych","status":"publish","type":"page","link":"https:\/\/legalden.pl\/en\/ngo\/zakladanie-fundacji-rodzinnych\/","title":{"rendered":"Zak\u0142adanie fundacji rodzinnych"},"content":{"rendered":"\t\t<div data-elementor-type=\"wp-page\" data-elementor-id=\"8418\" class=\"elementor elementor-8418\" data-elementor-post-type=\"page\">\n\t\t\t\t<div class=\"elementor-element elementor-element-db7a051 e-flex e-con-boxed e-con e-parent\" data-id=\"db7a051\" data-element_type=\"container\" data-e-type=\"container\" data-settings=\"{&quot;background_background&quot;:&quot;classic&quot;}\">\n\t\t\t\t\t<div class=\"e-con-inner\">\n\t\t<div data-dce-background-image-url=\"https:\/\/legalden.pl\/wp-content\/uploads\/2025\/08\/Maurycy_Niedopytalski.jpg\" class=\"elementor-element elementor-element-fb4bf8e e-con-full e-flex e-con e-child\" data-id=\"fb4bf8e\" data-element_type=\"container\" data-e-type=\"container\" data-settings=\"{&quot;background_background&quot;:&quot;classic&quot;}\">\n\t\t<div class=\"elementor-element elementor-element-dc26dbf e-con-full e-flex e-con e-child\" data-id=\"dc26dbf\" data-element_type=\"container\" data-e-type=\"container\" data-settings=\"{&quot;background_background&quot;:&quot;classic&quot;}\">\n\t\t\t\t<div class=\"elementor-element elementor-element-2ebbd01 elementor-widget elementor-widget-heading\" data-id=\"2ebbd01\" data-element_type=\"widget\" data-e-type=\"widget\" data-widget_type=\"heading.default\">\n\t\t\t\t\t<h1 class=\"elementor-heading-title elementor-size-default\">Fundacja rodzinna<\/h1>\t\t\t\t<\/div>\n\t\t\t\t<div class=\"elementor-element elementor-element-2747f5a elementor-widget elementor-widget-heading\" data-id=\"2747f5a\" data-element_type=\"widget\" data-e-type=\"widget\" data-widget_type=\"heading.default\">\n\t\t\t\t\t<div class=\"elementor-heading-title elementor-size-default\">Planujesz za\u0142o\u017cy\u0107 fundacj\u0119 rodzinn\u0105? A mo\u017ce zastanawiasz si\u0119 czy jest to rozwi\u0105zanie dla ciebie? Mamy do\u015bwiadczenie w zak\u0142adaniu takich podmiot\u00f3w. Pomo\u017cemy Ci.<\/div>\t\t\t\t<\/div>\n\t\t\t\t<\/div>\n\t\t\t\t<\/div>\n\t\t\t\t\t<\/div>\n\t\t\t\t<\/div>\n\t\t<div class=\"elementor-element elementor-element-c15f0aa e-flex e-con-boxed e-con e-parent\" data-id=\"c15f0aa\" data-element_type=\"container\" data-e-type=\"container\">\n\t\t\t\t\t<div class=\"e-con-inner\">\n\t\t\t\t<div class=\"elementor-element elementor-element-0682f02 elementor-widget elementor-widget-heading\" data-id=\"0682f02\" data-element_type=\"widget\" data-e-type=\"widget\" data-widget_type=\"heading.default\">\n\t\t\t\t\t<h2 class=\"elementor-heading-title elementor-size-default\">Czym s\u0105 fundacje rodzinne<\/h2>\t\t\t\t<\/div>\n\t\t\t\t\t<\/div>\n\t\t\t\t<\/div>\n\t\t<div class=\"elementor-element elementor-element-4f0bf0c e-flex e-con-boxed e-con e-parent\" data-id=\"4f0bf0c\" data-element_type=\"container\" data-e-type=\"container\">\n\t\t\t\t\t<div class=\"e-con-inner\">\n\t\t\t\t<div class=\"elementor-element elementor-element-fb9b4ef elementor-widget elementor-widget-text-editor\" data-id=\"fb9b4ef\" data-element_type=\"widget\" data-e-type=\"widget\" data-widget_type=\"text-editor.default\">\n\t\t\t\t\t\t\t\t\t<p>Fundacja rodzinna umo\u017cliwia fundatorowi gromadzenie i zarz\u0105dzanie maj\u0105tkiem rodzinnym w spos\u00f3b zgodny z jego wol\u0105, za \u017cycia oraz po \u015bmierci. Jest to najlepszy spos\u00f3b zabezpieczenia rodzinnego biznesu oraz maj\u0105tku, kt\u00f3ry fundator zgromadzi\u0142 przez ca\u0142e \u017cycie \u2013 rodzinny biznes mo\u017ce funkcjonowa\u0107 i wspiera\u0107 cz\u0142onk\u00f3w rodziny i bliskich fundatora\u00a0 przez wiele lat, nawet po jego \u015bmierci.<\/p><p>Celem fundacji rodzinnej jest wi\u0119c nie tylko ochrona maj\u0105tku, ale tak\u017ce jego pomna\u017canie oraz przekazywanie go nast\u0119pnym pokoleniom zgodnie z okre\u015blonymi za\u0142o\u017ceniami fundacji wskazanymi w jej statucie.<\/p>\t\t\t\t\t\t\t\t<\/div>\n\t\t\t\t\t<\/div>\n\t\t\t\t<\/div>\n\t\t<div class=\"elementor-element elementor-element-0466bac e-flex e-con-boxed e-con e-parent\" data-id=\"0466bac\" data-element_type=\"container\" data-e-type=\"container\">\n\t\t\t\t\t<div class=\"e-con-inner\">\n\t\t\t\t<div class=\"elementor-element elementor-element-811727c elementor-widget elementor-widget-heading\" data-id=\"811727c\" data-element_type=\"widget\" data-e-type=\"widget\" data-widget_type=\"heading.default\">\n\t\t\t\t\t<h2 class=\"elementor-heading-title elementor-size-default\">Jakie s\u0105 korzy\u015bci z za\u0142o\u017cenia Fundacji rodzinnej<\/h2>\t\t\t\t<\/div>\n\t\t\t\t\t<\/div>\n\t\t\t\t<\/div>\n\t\t<div class=\"elementor-element elementor-element-656f846 e-flex e-con-boxed e-con e-parent\" data-id=\"656f846\" data-element_type=\"container\" data-e-type=\"container\">\n\t\t\t\t\t<div class=\"e-con-inner\">\n\t\t\t\t<div class=\"elementor-element elementor-element-0bb5790 elementor-widget elementor-widget-text-editor\" data-id=\"0bb5790\" data-element_type=\"widget\" data-e-type=\"widget\" data-widget_type=\"text-editor.default\">\n\t\t\t\t\t\t\t\t\t<ul><li><strong>Ochrona maj\u0105tku:<\/strong> Fundacja rodzinna chroni maj\u0105tek przed rozdrobnieniem oraz przed ewentualnymi zagro\u017ceniami zewn\u0119trznymi, takimi jak roszczenia wierzycieli czy problemy prawne.<\/li><li><strong>Planowanie sukcesji:<\/strong> Fundacja rodzinna umo\u017cliwia precyzyjne okre\u015blenie, w jaki spos\u00f3b maj\u0105tek ma by\u0107 przekazywany kolejnym pokoleniom, co pozwala unikn\u0105\u0107 spor\u00f3w i nieporozumie\u0144.<\/li><li><strong>Optymalizacja podatkowa:<\/strong> Fundacje rodzinne oferuj\u0105 korzystne rozwi\u0105zania podatkowe, kt\u00f3re mog\u0105 przyczyni\u0107 si\u0119 do zmniejszenia obci\u0105\u017ce\u0144 finansowych zwi\u0105zanych z dziedziczeniem maj\u0105tku.<\/li><li><strong>Zarz\u0105dzanie maj\u0105tkiem:<\/strong> Fundacja rodzinna pozwala na profesjonalne i efektywne zarz\u0105dzanie maj\u0105tkiem przez powo\u0142ane do tego osoby lub instytucje, co zapewnia jego pomna\u017canie i utrzymanie warto\u015bci na przestrzeni lat.<\/li><\/ul><div>\u00a0<\/div>\t\t\t\t\t\t\t\t<\/div>\n\t\t\t\t\t<\/div>\n\t\t\t\t<\/div>\n\t\t<div class=\"elementor-element elementor-element-be9d46f e-flex e-con-boxed e-con e-parent\" data-id=\"be9d46f\" data-element_type=\"container\" data-e-type=\"container\">\n\t\t\t\t\t<div class=\"e-con-inner\">\n\t\t\t\t<div class=\"elementor-element elementor-element-b84877a elementor-widget elementor-widget-heading\" data-id=\"b84877a\" data-element_type=\"widget\" data-e-type=\"widget\" data-widget_type=\"heading.default\">\n\t\t\t\t\t<h2 class=\"elementor-heading-title elementor-size-default\">Jak mo\u017cemy Ci pom\u00f3c?<\/h2>\t\t\t\t<\/div>\n\t\t\t\t\t<\/div>\n\t\t\t\t<\/div>\n\t\t<div class=\"elementor-element elementor-element-fa2db4d e-flex e-con-boxed e-con e-parent\" data-id=\"fa2db4d\" data-element_type=\"container\" data-e-type=\"container\" data-settings=\"{&quot;background_background&quot;:&quot;classic&quot;}\">\n\t\t\t\t\t<div class=\"e-con-inner\">\n\t\t<div class=\"elementor-element elementor-element-b815b04 e-flex e-con-boxed e-con e-child\" data-id=\"b815b04\" data-element_type=\"container\" data-e-type=\"container\">\n\t\t\t\t\t<div class=\"e-con-inner\">\n\t\t<div class=\"elementor-element elementor-element-77f8235 e-con-full e-flex e-con e-child\" data-id=\"77f8235\" data-element_type=\"container\" data-e-type=\"container\" data-settings=\"{&quot;background_background&quot;:&quot;classic&quot;}\">\n\t\t\t\t<div class=\"elementor-element elementor-element-f181040 elementor-icon-list--layout-traditional elementor-list-item-link-full_width elementor-widget elementor-widget-icon-list\" data-id=\"f181040\" data-element_type=\"widget\" data-e-type=\"widget\" data-widget_type=\"icon-list.default\">\n\t\t\t\t\t\t\t<ul class=\"elementor-icon-list-items\">\n\t\t\t\t\t\t\t<li class=\"elementor-icon-list-item\">\n\t\t\t\t\t\t\t\t\t\t\t<span class=\"elementor-icon-list-icon\">\n\t\t\t\t\t\t\t<svg xmlns=\"http:\/\/www.w3.org\/2000\/svg\" height=\"48\" width=\"48\"><path d=\"M10 38V26h3v9h9v3Zm25-16v-9h-9v-3h12v12Z\"><\/path><\/svg>\t\t\t\t\t\t<\/span>\n\t\t\t\t\t\t\t\t\t\t<span class=\"elementor-icon-list-text\">Przeanalizujemy Twoj\u0105 sytuacj\u0119 maj\u0105tkow\u0105 i doradzimy, czy fundacja rodzinna jest najlepszym rozwi\u0105zaniem dla Waszej rodziny.<\/span>\n\t\t\t\t\t\t\t\t\t<\/li>\n\t\t\t\t\t\t\t\t<li class=\"elementor-icon-list-item\">\n\t\t\t\t\t\t\t\t\t\t\t<span class=\"elementor-icon-list-icon\">\n\t\t\t\t\t\t\t<svg xmlns=\"http:\/\/www.w3.org\/2000\/svg\" height=\"48\" width=\"48\"><path d=\"M10 38V26h3v9h9v3Zm25-16v-9h-9v-3h12v12Z\"><\/path><\/svg>\t\t\t\t\t\t<\/span>\n\t\t\t\t\t\t\t\t\t\t<span class=\"elementor-icon-list-text\">Sporz\u0105dzimy wszelkie niezb\u0119dne dokumenty, w tym statut fundacji oraz inne wymagane prawem formalno\u015bci.<\/span>\n\t\t\t\t\t\t\t\t\t<\/li>\n\t\t\t\t\t\t\t\t<li class=\"elementor-icon-list-item\">\n\t\t\t\t\t\t\t\t\t\t\t<span class=\"elementor-icon-list-icon\">\n\t\t\t\t\t\t\t<svg xmlns=\"http:\/\/www.w3.org\/2000\/svg\" height=\"48\" width=\"48\"><path d=\"M10 38V26h3v9h9v3Zm25-16v-9h-9v-3h12v12Z\"><\/path><\/svg>\t\t\t\t\t\t<\/span>\n\t\t\t\t\t\t\t\t\t\t<span class=\"elementor-icon-list-text\">Przeprowadzimy ca\u0142y proces rejestracji fundacji rodzinnej. Zadbamy o to, aby odby\u0142 si\u0119 on sprawnie i zgodnie z obowi\u0105zuj\u0105cymi przepisami.<\/span>\n\t\t\t\t\t\t\t\t\t<\/li>\n\t\t\t\t\t\t\t\t<li class=\"elementor-icon-list-item\">\n\t\t\t\t\t\t\t\t\t\t\t<span class=\"elementor-icon-list-icon\">\n\t\t\t\t\t\t\t<svg xmlns=\"http:\/\/www.w3.org\/2000\/svg\" height=\"48\" width=\"48\"><path d=\"M10 38V26h3v9h9v3Zm25-16v-9h-9v-3h12v12Z\"><\/path><\/svg>\t\t\t\t\t\t<\/span>\n\t\t\t\t\t\t\t\t\t\t<span class=\"elementor-icon-list-text\">Podpowiemy, jakie obowi\u0105zki czekaj\u0105 na Ciebie po zarejestrowaniu fundacji<\/span>\n\t\t\t\t\t\t\t\t\t<\/li>\n\t\t\t\t\t\t<\/ul>\n\t\t\t\t\t\t<\/div>\n\t\t\t\t<\/div>\n\t\t\t\t\t<\/div>\n\t\t\t\t<\/div>\n\t\t\t\t\t<\/div>\n\t\t\t\t<\/div>\n\t\t<div class=\"elementor-element elementor-element-74646a2 e-flex e-con-boxed e-con e-parent\" data-id=\"74646a2\" data-element_type=\"container\" data-e-type=\"container\">\n\t\t\t\t\t<div class=\"e-con-inner\">\n\t\t\t\t<div class=\"elementor-element elementor-element-e668f32 elementor-widget elementor-widget-heading\" data-id=\"e668f32\" data-element_type=\"widget\" data-e-type=\"widget\" data-widget_type=\"heading.default\">\n\t\t\t\t\t<h2 class=\"elementor-heading-title elementor-size-default\">Napisz do naszych ekspert\u00f3w od fundacji rodzinnych<\/h2>\t\t\t\t<\/div>\n\t\t\t\t\t<\/div>\n\t\t\t\t<\/div>\n\t\t<div class=\"elementor-element elementor-element-6dde082 e-flex e-con-boxed e-con e-parent\" data-id=\"6dde082\" data-element_type=\"container\" data-e-type=\"container\">\n\t\t\t\t\t<div class=\"e-con-inner\">\n\t\t<div class=\"elementor-element elementor-element-c12a0ea e-con-full e-flex e-con e-child\" data-id=\"c12a0ea\" data-element_type=\"container\" data-e-type=\"container\">\n\t\t\t\t<div class=\"elementor-element elementor-element-e043cc9 elementor-button-align-end elementor-widget elementor-widget-form\" data-id=\"e043cc9\" data-element_type=\"widget\" data-e-type=\"widget\" data-settings=\"{&quot;step_next_label&quot;:&quot;Nast\\u0119pny&quot;,&quot;step_previous_label&quot;:&quot;Previous&quot;,&quot;step_type&quot;:&quot;none&quot;,&quot;step_icon_shape&quot;:&quot;none&quot;,&quot;button_width&quot;:&quot;100&quot;,&quot;label_icon_size&quot;:{&quot;unit&quot;:&quot;px&quot;,&quot;size&quot;:&quot;&quot;,&quot;sizes&quot;:[]},&quot;field_icon_size&quot;:{&quot;unit&quot;:&quot;px&quot;,&quot;size&quot;:&quot;&quot;,&quot;sizes&quot;:[]}}\" data-widget_type=\"form.default\">\n\t\t\t\t\t\t\t<form class=\"elementor-form\" method=\"post\" id=\"form_fund_rodzinne\" name=\"Formularz_fundacje_rodzinne\" aria-label=\"Formularz_fundacje_rodzinne\">\n\t\t\t<input type=\"hidden\" name=\"post_id\" value=\"8418\"\/>\n\t\t\t<input type=\"hidden\" name=\"form_id\" value=\"e043cc9\"\/>\n\t\t\t<input type=\"hidden\" name=\"referer_title\" value=\"Zak\u0142adanie fundacji rodzinnych - Legalden - KANCELARIA ADWOKACKA\" \/>\n\n\t\t\t\t\t\t\t<input type=\"hidden\" name=\"queried_id\" value=\"8418\"\/>\n\t\t\t\n\t\t\t<div class=\"elementor-form-fields-wrapper elementor-labels-above\">\n\t\t\t\t\t\t\t\t<div class=\"elementor-field-type-text elementor-field-group elementor-column elementor-field-group-name elementor-col-50 elementor-field-required elementor-mark-required\">\n\t\t\t\t\t\t\t\t\t\t\t\t<label for=\"form-field-name\" class=\"elementor-field-label\">\n\t\t\t\t\t\t\t\tImi\u0119\t\t\t\t\t\t\t<\/label>\n\t\t\t\t\t\t\t\t\t\t\t\t\t\t<input size=\"1\" type=\"text\" name=\"form_fields[name]\" id=\"form-field-name\" class=\"elementor-field elementor-size-md  elementor-field-textual\" placeholder=\"Imi\u0119\" required=\"required\">\n\t\t\t\t\t\t\t\t\t\t\t<\/div>\n\t\t\t\t\t\t\t\t<div class=\"elementor-field-type-text elementor-field-group elementor-column elementor-field-group-message elementor-col-50\">\n\t\t\t\t\t\t\t\t\t\t\t\t<label for=\"form-field-message\" class=\"elementor-field-label\">\n\t\t\t\t\t\t\t\tNazwisko\t\t\t\t\t\t\t<\/label>\n\t\t\t\t\t\t\t\t\t\t\t\t\t\t<input size=\"1\" type=\"text\" name=\"form_fields[message]\" id=\"form-field-message\" class=\"elementor-field elementor-size-md  elementor-field-textual\" placeholder=\"Nazwisko\">\n\t\t\t\t\t\t\t\t\t\t\t<\/div>\n\t\t\t\t\t\t\t\t<div class=\"elementor-field-type-email elementor-field-group elementor-column elementor-field-group-email elementor-col-50 elementor-field-required elementor-mark-required\">\n\t\t\t\t\t\t\t\t\t\t\t\t<label for=\"form-field-email\" class=\"elementor-field-label\">\n\t\t\t\t\t\t\t\tEmail\t\t\t\t\t\t\t<\/label>\n\t\t\t\t\t\t\t\t\t\t\t\t\t\t<input size=\"1\" type=\"email\" name=\"form_fields[email]\" id=\"form-field-email\" class=\"elementor-field elementor-size-md  elementor-field-textual\" placeholder=\"Email\" required=\"required\">\n\t\t\t\t\t\t\t\t\t\t\t<\/div>\n\t\t\t\t\t\t\t\t<div class=\"elementor-field-type-text elementor-field-group elementor-column elementor-field-group-field_861420d elementor-col-50\">\n\t\t\t\t\t\t\t\t\t\t\t\t<label for=\"form-field-field_861420d\" class=\"elementor-field-label\">\n\t\t\t\t\t\t\t\tTelefon\t\t\t\t\t\t\t<\/label>\n\t\t\t\t\t\t\t\t\t\t\t\t\t\t<input size=\"1\" type=\"text\" name=\"form_fields[field_861420d]\" id=\"form-field-field_861420d\" class=\"elementor-field elementor-size-md  elementor-field-textual\" placeholder=\"Telefon\">\n\t\t\t\t\t\t\t\t\t\t\t<\/div>\n\t\t\t\t\t\t\t\t<div class=\"elementor-field-type-html elementor-field-group elementor-column elementor-field-group-field_48518d4 elementor-col-100\">\n\t\t\t\t\t<a href=\"https:\/\/legalden.pl\/polityka-prywatnosci\" target=\"_blank\">Chcesz wiedzie\u0107, jak przetwarzamy dane? Zapoznaj si\u0119 z Polityk\u0105 prywatno\u015bci.<\/a>\t\t\t\t<\/div>\n\t\t\t\t\t\t\t\t<div class=\"elementor-field-group elementor-column elementor-field-type-submit elementor-col-100 e-form__buttons\">\n\t\t\t\t\t<button class=\"elementor-button elementor-size-md\" type=\"submit\" id=\"form_fund_rodzinne\">\n\t\t\t\t\t\t<span class=\"elementor-button-content-wrapper\">\n\t\t\t\t\t\t\t\t\t\t\t\t\t\t\t\t\t\t\t\t\t\t<span class=\"elementor-button-text\">Wy\u015blij<\/span>\n\t\t\t\t\t\t\t\t\t\t\t\t\t<\/span>\n\t\t\t\t\t<\/button>\n\t\t\t\t<\/div>\n\t\t\t<\/div>\n\t\t<\/form>\n\t\t\t\t\t\t<\/div>\n\t\t\t\t<\/div>\n\t\t\t\t\t<\/div>\n\t\t\t\t<\/div>\n\t\t\t\t<\/div>\n\t\t","protected":false},"excerpt":{"rendered":"<p>Planujesz za\u0142o\u017cy\u0107 fundacj\u0119 rodzinn\u0105? A mo\u017ce zastanawiasz si\u0119 czy fundacja rodzinna to rozwi\u0105zanie dla ciebie? Mamy do\u015bwiadczenie w zak\u0142adaniu takich podmiot\u00f3w.<\/p>","protected":false},"author":17,"featured_media":10569,"parent":1731,"menu_order":1,"comment_status":"closed","ping_status":"closed","template":"","meta":{"_acf_changed":false,"footnotes":""},"ppma_author":[1363],"class_list":["post-8418","page","type-page","status-publish","has-post-thumbnail","hentry"],"acf":[],"_links":{"self":[{"href":"https:\/\/legalden.pl\/en\/wp-json\/wp\/v2\/pages\/8418","targetHints":{"allow":["GET"]}}],"collection":[{"href":"https:\/\/legalden.pl\/en\/wp-json\/wp\/v2\/pages"}],"about":[{"href":"https:\/\/legalden.pl\/en\/wp-json\/wp\/v2\/types\/page"}],"author":[{"embeddable":true,"href":"https:\/\/legalden.pl\/en\/wp-json\/wp\/v2\/users\/17"}],"replies":[{"embeddable":true,"href":"https:\/\/legalden.pl\/en\/wp-json\/wp\/v2\/comments?post=8418"}],"version-history":[{"count":1,"href":"https:\/\/legalden.pl\/en\/wp-json\/wp\/v2\/pages\/8418\/revisions"}],"predecessor-version":[{"id":11107,"href":"https:\/\/legalden.pl\/en\/wp-json\/wp\/v2\/pages\/8418\/revisions\/11107"}],"up":[{"embeddable":true,"href":"https:\/\/legalden.pl\/en\/wp-json\/wp\/v2\/pages\/1731"}],"wp:featuredmedia":[{"embeddable":true,"href":"https:\/\/legalden.pl\/en\/wp-json\/wp\/v2\/media\/10569"}],"wp:attachment":[{"href":"https:\/\/legalden.pl\/en\/wp-json\/wp\/v2\/media?parent=8418"}],"wp:term":[{"taxonomy":"author","embeddable":true,"href":"https:\/\/legalden.pl\/en\/wp-json\/wp\/v2\/ppma_author?post=8418"}],"curies":[{"name":"wp","href":"https:\/\/api.w.org\/{rel}","templated":true}]}}